{"id":190,"date":"2022-12-21T16:45:51","date_gmt":"2022-12-21T16:45:51","guid":{"rendered":"https:\/\/demo.thsorganic.com\/?post_type=product&#038;p=190"},"modified":"2025-12-12T22:18:23","modified_gmt":"2025-12-12T22:18:23","slug":"lifeskin","status":"publish","type":"product","link":"https:\/\/demo.thsorganic.com\/sv\/produkt\/lifeskin\/","title":{"rendered":"Lifeskin"},"content":{"rendered":"<p><strong>EKOLOGISK HUDV\u00c5RDSL\u00d6SNING GJORT MED 100% NATURLIGA INGREDIENSER<\/strong><\/p>\n<p>F\u00f6ryngrande hudbehandling med anti-aging effekt. Den stimulerar kollagen- och elastinfibrer f\u00f6r att ge huden ljushet, mjukhet och \u00e5terfuktning.<\/p>\n<p class=\"translation-block\">Rekommenderas f\u00f6r att bek\u00e4mpa <b>akne<\/b> , <b>rosacea<\/b> , <b>follikulit<\/b> och <b>ansiktsfl\u00e4ckar<\/b> .<\/p>\n<p>Tack vare de utm\u00e4rkta egenskaperna hos honung och v\u00e4xtextrakt s\u00e4kerst\u00e4ller denna mask hudens penetration av den aktiva ingrediensen utan n\u00e5gra biverkningar.<\/p>\n<p><strong>100% S\u00c4KER F\u00d6R ALLA HUDTYPER.<\/strong><\/p>\n<p class=\"lifeskin__lastp\"><strong>EN L\u00c5DA INNEH\u00c5LLER 15 SM\u00c5 PORTIONSP\u00c5SAR OM 7 g VARJE OCH \u00c4R TILL\u00c4CKLIGA F\u00d6R 30 DAGARS BEHANDLING.<\/strong><\/p>","protected":false},"excerpt":{"rendered":"<p><span style=\"color: #ff6600;\"><strong>BLI AV AKNE OCH HUDFL\u00c4CKAR PERMANENT!<\/strong><\/span><\/p>\n<p><span style=\"color: #ff6600;\"><strong>V\u00e5r hudv\u00e5rdsbehandling \u00e4r gjord uteslutande av naturliga ingredienser, vilket s\u00e4kerst\u00e4ller att den \u00e4r helt ekologisk.<\/strong><\/span><\/p>\n<p class=\"translation-block\"><strong>LifeSkin\u00ae<\/strong> \u00e4r en organisk mask som best\u00e5r av <strong>100% naturliga ingredienser<\/strong> som hj\u00e4lper till <strong>att ge n\u00e4ring och tona alla typer av torr, k\u00e4nslig, normal<\/strong> eller <strong>blandad hud<\/strong> .<br> Med sin <strong>naturliga antibiotiska effekt<\/strong> hj\u00e4lper LifeSkin\u00ae-masken dig <strong>att bli av med problem<\/strong> som:<\/p>\n<p class=\"translation-block\"><strong>AKNE, ROSACEA, FOLLICULITTIS, SOLBR\u00c4NDA<\/strong> och <strong>HUDFL\u00c4CKAR.<br><\/strong> Ger de n\u00f6dv\u00e4ndiga vitaminerna f\u00f6r att \u00f6ka hudens elasticitet och ljushet f\u00f6r en effektiv och energigivande f\u00f6ryngring.<br> <strong>100% s\u00e4ker f\u00f6r alla hudtyper.<\/strong><\/p>","protected":false},"featured_media":702,"comment_status":"open","ping_status":"closed","template":"","meta":[],"product_brand":[],"product_cat":[21],"product_tag":[26],"class_list":{"0":"post-190","1":"product","2":"type-product","3":"status-publish","4":"has-post-thumbnail","6":"product_cat-ths-organic","7":"product_tag-lifeskin","9":"first","10":"instock","11":"sale","12":"taxable","13":"shipping-taxable","14":"purchasable","15":"product-type-simple"},"_links":{"self":[{"href":"https:\/\/demo.thsorganic.com\/sv\/wp-json\/wp\/v2\/product\/190","targetHints":{"allow":["GET"]}}],"collection":[{"href":"https:\/\/demo.thsorganic.com\/sv\/wp-json\/wp\/v2\/product"}],"about":[{"href":"https:\/\/demo.thsorganic.com\/sv\/wp-json\/wp\/v2\/types\/product"}],"replies":[{"embeddable":true,"href":"https:\/\/demo.thsorganic.com\/sv\/wp-json\/wp\/v2\/comments?post=190"}],"wp:featuredmedia":[{"embeddable":true,"href":"https:\/\/demo.thsorganic.com\/sv\/wp-json\/wp\/v2\/media\/702"}],"wp:attachment":[{"href":"https:\/\/demo.thsorganic.com\/sv\/wp-json\/wp\/v2\/media?parent=190"}],"wp:term":[{"taxonomy":"product_brand","embeddable":true,"href":"https:\/\/demo.thsorganic.com\/sv\/wp-json\/wp\/v2\/product_brand?post=190"},{"taxonomy":"product_cat","embeddable":true,"href":"https:\/\/demo.thsorganic.com\/sv\/wp-json\/wp\/v2\/product_cat?post=190"},{"taxonomy":"product_tag","embeddable":true,"href":"https:\/\/demo.thsorganic.com\/sv\/wp-json\/wp\/v2\/product_tag?post=190"}],"curies":[{"name":"wp","href":"https:\/\/api.w.org\/{rel}","templated":true}]}}