{"id":189,"date":"2022-12-21T16:45:16","date_gmt":"2022-12-21T16:45:16","guid":{"rendered":"https:\/\/demo.thsorganic.com\/?post_type=product&#038;p=189"},"modified":"2025-12-12T22:19:39","modified_gmt":"2025-12-12T22:19:39","slug":"newhair","status":"publish","type":"product","link":"https:\/\/demo.thsorganic.com\/sv\/produkt\/newhair\/","title":{"rendered":"Newhair"},"content":{"rendered":"<p><strong>EKOLOGISK L\u00d6SNING F\u00d6R H\u00c5RSH\u00c4LSA, BASERAD P\u00c5 ETT URGIFTIGT RECEPT, GJORT AV 100% NATURLIGA INGREDIENSER!<\/strong><\/p>\n<p class=\"translation-block\">Indicerat f\u00f6r <b>skallighet<\/b> , <b>h\u00e5ravfall<\/b> , <b>psoriasis<\/b> , <b>follikulit och mj\u00e4ll<\/b> . Regenererar h\u00e5ret \u00e4ven efter kemoterapi.<\/p>\n<p>Tack vare de utm\u00e4rkta egenskaperna hos honung och v\u00e4xtextrakt s\u00e4kerst\u00e4ller denna mask hudens penetration av den aktiva ingrediensen utan biverkningar.<\/p>\n<p>En beh\u00e5llare r\u00e4cker f\u00f6r 30 dagars behandling.<\/p>\n<p><strong>EN RIKTIG OCH REVOLUTION\u00c4R HUDV\u00c5RDSPRODUKT F\u00d6R DIG!<\/strong><\/p>\n<p class=\"newhair__lastp\"><strong>ENDAST NATURLIGA INGREDIENSER FR\u00c5N HANDPLOCKDA K\u00c4LLOR, NOGGRANT BEARBETADE OCH F\u00d6RPACKADE MED ETT RECEPT SOM VI KOMMER ATT H\u00c5LLA HEMLIGT \u2013 ALLT F\u00d6R ATT \u00c5TERV\u00c4NDA HUDEN!<\/strong><\/p>","protected":false},"excerpt":{"rendered":"<p class=\"translation-block\"><strong><em>NewHair\u00ae Natural<\/em><\/strong> , <strong>h\u00e5rf\u00f6rnyelse och tillv\u00e4xtbehandling<\/strong> f\u00f6r <strong>kvinnor och m\u00e4n<\/strong> . Regenererar h\u00e5ret fr\u00e5n dess rot. <strong>100% naturlig<\/strong> behandling fr\u00e5n <strong>organiska k\u00e4llor.<\/strong><\/p>\n<p class=\"translation-block\">Hj\u00e4lper till att behandla f\u00f6ljande <strong>h\u00e5r- och h\u00e5rbottenbesv\u00e4r<\/strong> :<br> <span style=\"color: #ff6600\"><strong>ALOPECY, H\u00c5RAVfall, PSORIASIS, FOLLICULIT OCH \u00d6VERF\u00d6R MJJUL.<\/strong><\/span><\/p>\n<p class=\"translation-block\">P\u00e5 grund av sitt rent ekologiska inneh\u00e5ll, baserat p\u00e5 biprodukter och \u00f6rter, orsakar <strong>NewHair\u00ae<\/strong> inga skadliga effekter under eller efter anv\u00e4ndning.<\/p>","protected":false},"featured_media":703,"comment_status":"open","ping_status":"closed","template":"","meta":[],"product_brand":[],"product_cat":[21],"product_tag":[25],"class_list":{"0":"post-189","1":"product","2":"type-product","3":"status-publish","4":"has-post-thumbnail","6":"product_cat-ths-organic","7":"product_tag-newhair","9":"first","10":"instock","11":"sale","12":"taxable","13":"shipping-taxable","14":"purchasable","15":"product-type-simple"},"_links":{"self":[{"href":"https:\/\/demo.thsorganic.com\/sv\/wp-json\/wp\/v2\/product\/189","targetHints":{"allow":["GET"]}}],"collection":[{"href":"https:\/\/demo.thsorganic.com\/sv\/wp-json\/wp\/v2\/product"}],"about":[{"href":"https:\/\/demo.thsorganic.com\/sv\/wp-json\/wp\/v2\/types\/product"}],"replies":[{"embeddable":true,"href":"https:\/\/demo.thsorganic.com\/sv\/wp-json\/wp\/v2\/comments?post=189"}],"wp:featuredmedia":[{"embeddable":true,"href":"https:\/\/demo.thsorganic.com\/sv\/wp-json\/wp\/v2\/media\/703"}],"wp:attachment":[{"href":"https:\/\/demo.thsorganic.com\/sv\/wp-json\/wp\/v2\/media?parent=189"}],"wp:term":[{"taxonomy":"product_brand","embeddable":true,"href":"https:\/\/demo.thsorganic.com\/sv\/wp-json\/wp\/v2\/product_brand?post=189"},{"taxonomy":"product_cat","embeddable":true,"href":"https:\/\/demo.thsorganic.com\/sv\/wp-json\/wp\/v2\/product_cat?post=189"},{"taxonomy":"product_tag","embeddable":true,"href":"https:\/\/demo.thsorganic.com\/sv\/wp-json\/wp\/v2\/product_tag?post=189"}],"curies":[{"name":"wp","href":"https:\/\/api.w.org\/{rel}","templated":true}]}}