{"id":188,"date":"2022-12-21T16:41:35","date_gmt":"2022-12-21T16:41:35","guid":{"rendered":"https:\/\/demo.thsorganic.com\/product\/hoodie-with-logo\/"},"modified":"2025-12-12T22:20:17","modified_gmt":"2025-12-12T22:20:17","slug":"immunity-gold","status":"publish","type":"product","link":"https:\/\/demo.thsorganic.com\/sv\/produkt\/immunity-gold\/","title":{"rendered":"Immunity Gold"},"content":{"rendered":"<p class=\"translation-block\"><strong>Immunity Gold <em>\u00ae<\/em><\/strong> \u00e4r en naturlig produkt som hj\u00e4lper till att st\u00e4rka immunf\u00f6rsvaret.<\/p>\n<p>Produkten levereras i 30 sm\u00e5 portionsp\u00e5sar \u00e0 10g vardera.<\/p>\n<p><strong>EN PORTION ELLER TV\u00c5 OM DAGEN. \u00d6VERSKRIV INTE DEN REKOMMENDERADE DOSEN F\u00d6R DAGLIG KONSUMTION!<\/strong><\/p>\n<p>Immunity Gold\u00ae har f\u00f6ljande f\u00f6rdelar:<\/p>\n<p>\u2705 Antiinflammatoriska och antibakteriella egenskaper som st\u00e4rker immunf\u00f6rsvaret.<\/p>\n<p>\u2705 Kombinationen av gurkmeja och honung bek\u00e4mpar fria radikaler och effekterna associerade med f\u00f6r tidigt \u00e5ldrande.<\/p>\n<p>\u2705 Hj\u00e4lper till att skydda din hj\u00e4rna och minskar risken f\u00f6r demens.<\/p>\n<p>\u2705 Hj\u00e4lper till att eliminera gifter.<\/p>\n<p>\u2705 Hj\u00e4lper till att skydda hj\u00e4rtat och hj\u00e4lper matsm\u00e4ltningen.<\/p>\n<p>\u2705 Hj\u00e4lper till att lindra symtomen p\u00e5 influensa, f\u00f6rkylning och andra luftv\u00e4gssjukdomar.<\/p>\n<p>\u2705 Har svampd\u00f6dande egenskaper.<\/p>\n<p>\u2705 Har antioxidantegenskaper.<\/p>","protected":false},"excerpt":{"rendered":"<p><span style=\"color: #ff6600;\"><strong>IMMUNITY GOLD\u00ae SAMMANSATS HELT AV NATURLIGA INGREDIENSER OCH \u00c4R DESIGNET F\u00d6R ATT F\u00d6RB\u00c4TTA KROPPENS IMMUNSYSTEM.<\/strong><\/span><\/p>\n<p>Immunity Gold \u00e4r en naturlig produkt som hj\u00e4lper till att st\u00e4rka immunf\u00f6rsvaret. Den har antiinflammatoriska och antibakteriella egenskaper som st\u00e4rker immunf\u00f6rsvaret.<\/p>\n<p class=\"translation-block\">Genom <strong>att s\u00e4nka kolesterolniv\u00e5erna<\/strong> , <strong>f\u00f6rb\u00e4ttra matsm\u00e4ltningen<\/strong> och <strong>lindra symtom<\/strong> som \u00e4r f\u00f6rknippade med <strong>influensa<\/strong> , <strong>f\u00f6rkylningar<\/strong> och <strong>luftv\u00e4gsbesv\u00e4r<\/strong> , syftar denna produkt till att fr\u00e4mja <strong>ett friskare hj\u00e4rta<\/strong> .<\/p>","protected":false},"featured_media":701,"comment_status":"open","ping_status":"closed","template":"","meta":[],"product_brand":[],"product_cat":[21],"product_tag":[24],"class_list":{"0":"post-188","1":"product","2":"type-product","3":"status-publish","4":"has-post-thumbnail","6":"product_cat-ths-organic","7":"product_tag-immunity","9":"first","10":"instock","11":"sale","12":"taxable","13":"shipping-taxable","14":"purchasable","15":"product-type-simple"},"_links":{"self":[{"href":"https:\/\/demo.thsorganic.com\/sv\/wp-json\/wp\/v2\/product\/188","targetHints":{"allow":["GET"]}}],"collection":[{"href":"https:\/\/demo.thsorganic.com\/sv\/wp-json\/wp\/v2\/product"}],"about":[{"href":"https:\/\/demo.thsorganic.com\/sv\/wp-json\/wp\/v2\/types\/product"}],"replies":[{"embeddable":true,"href":"https:\/\/demo.thsorganic.com\/sv\/wp-json\/wp\/v2\/comments?post=188"}],"wp:featuredmedia":[{"embeddable":true,"href":"https:\/\/demo.thsorganic.com\/sv\/wp-json\/wp\/v2\/media\/701"}],"wp:attachment":[{"href":"https:\/\/demo.thsorganic.com\/sv\/wp-json\/wp\/v2\/media?parent=188"}],"wp:term":[{"taxonomy":"product_brand","embeddable":true,"href":"https:\/\/demo.thsorganic.com\/sv\/wp-json\/wp\/v2\/product_brand?post=188"},{"taxonomy":"product_cat","embeddable":true,"href":"https:\/\/demo.thsorganic.com\/sv\/wp-json\/wp\/v2\/product_cat?post=188"},{"taxonomy":"product_tag","embeddable":true,"href":"https:\/\/demo.thsorganic.com\/sv\/wp-json\/wp\/v2\/product_tag?post=188"}],"curies":[{"name":"wp","href":"https:\/\/api.w.org\/{rel}","templated":true}]}}