{"id":3,"date":"2022-12-12T17:12:09","date_gmt":"2022-12-12T17:12:09","guid":{"rendered":"https:\/\/demo.thsorganic.com\/?page_id=3"},"modified":"2023-06-19T13:30:36","modified_gmt":"2023-06-19T13:30:36","slug":"privacy-policy","status":"publish","type":"page","link":"https:\/\/demo.thsorganic.com\/it\/privacy-policy\/","title":{"rendered":"Politica sulla Privacy"},"content":{"rendered":"<div data-elementor-type=\"wp-page\" data-elementor-id=\"3\" class=\"elementor elementor-3\" data-elementor-post-type=\"page\">\n\t\t\t\t\t\t<section class=\"elementor-section elementor-top-section elementor-element elementor-element-381f0497 elementor-section-boxed elementor-section-height-default elementor-section-height-default\" data-id=\"381f0497\" data-element_type=\"section\">\n\t\t\t\t\t\t<div class=\"elementor-container elementor-column-gap-default\">\n\t\t\t\t\t<div class=\"elementor-column elementor-col-100 elementor-top-column elementor-element elementor-element-33ed97bf\" data-id=\"33ed97bf\" data-element_type=\"column\">\n\t\t\t<div class=\"elementor-widget-wrap elementor-element-populated\">\n\t\t\t\t\t\t<div class=\"elementor-element elementor-element-e016125 elementor-widget elementor-widget-heading\" data-id=\"e016125\" data-element_type=\"widget\" data-widget_type=\"heading.default\">\n\t\t\t\t<div class=\"elementor-widget-container\">\n\t\t\t\t\t<h1 class=\"elementor-heading-title elementor-size-default\">Politica sulla Privacy<\/h1>\t\t\t\t<\/div>\n\t\t\t\t<\/div>\n\t\t\t\t<div class=\"elementor-element elementor-element-5ebf56c9 elementor-widget elementor-widget-text-editor\" data-id=\"5ebf56c9\" data-element_type=\"widget\" data-widget_type=\"text-editor.default\">\n\t\t\t\t<div class=\"elementor-widget-container\">\n\t\t\t\t\t\t\t\t\t\n<h2 class=\"wp-block-heading\">1. Privacy in breve<\/h2>\n\n<h3 class=\"wp-block-heading\">informazioni generali<\/h3>\n\n<p>Le seguenti note forniscono una semplice panoramica di ci\u00f2 che accade ai tuoi dati personali quando visiti questo sito web. I dati personali sono tutti i dati con i quali potete essere identificati personalmente. Informazioni dettagliate sul tema della protezione dei dati si trovano nella nostra dichiarazione sulla protezione dei dati riportata sotto questo testo.<\/p>\n\n<h3 class=\"wp-block-heading\">Raccolta dati su questo sito<\/h3>\n\n<p><strong>Chi \u00e8 responsabile della raccolta dei dati su questo sito web?<\/strong><\/p>\n\n<p>Il trattamento dei dati su questo sito web \u00e8 effettuato dal gestore del sito web. Potete trovare i loro dettagli di contatto nell&#039;impronta di questo sito web.<\/p>\n\n<p><strong>Come raccogliamo i tuoi dati?<\/strong><\/p>\n\n<p>Da un lato, i tuoi dati vengono raccolti quando ce li comunichi. Questo pu\u00f2 essere z. B. essere i dati che inserisci in un modulo di contatto.<\/p>\n\n<p>Altri dati vengono raccolti automaticamente o con il tuo consenso dai nostri sistemi IT quando visiti il sito web. Si tratta principalmente di dati tecnici (ad es. browser Internet, sistema operativo o ora di visualizzazione della pagina). Questi dati vengono raccolti automaticamente non appena si accede a questo sito web.<\/p>\n\n<p><strong>Per cosa utilizziamo i tuoi dati?<\/strong><\/p>\n\n<p>Parte dei dati vengono raccolti per garantire che il sito web venga fornito senza errori. Altri dati possono essere utilizzati per analizzare il comportamento dell&#039;utente.<\/p>\n\n<p><strong>Quali diritti hai riguardo ai tuoi dati?<\/strong><\/p>\n\n<p>Avete il diritto di ricevere in qualsiasi momento e gratuitamente informazioni sull&#039;origine, il destinatario e lo scopo dei vostri dati personali memorizzati. Hai anche il diritto di richiedere la correzione o la cancellazione di questi dati. Se hai dato il tuo consenso al trattamento dei dati, puoi revocare tale consenso in qualsiasi momento per il futuro. Hai anche il diritto, in determinate circostanze, di richiedere che il trattamento dei tuoi dati personali sia limitato. Hai inoltre il diritto di proporre reclamo all&#039;autorit\u00e0 di controllo competente.<\/p>\n\n<p>Se avete ulteriori domande in materia di protezione dei dati potete contattarci in qualsiasi momento all&#039;indirizzo indicato nell&#039;impronta.<\/p>\n\n<h3 class=\"wp-block-heading\">Strumenti di analisi e strumenti di terze parti<\/h3>\n\n<p>Quando visiti questo sito web, il tuo comportamento di navigazione pu\u00f2 essere valutato statisticamente. Ci\u00f2 avviene principalmente con i cosiddetti programmi di analisi.<\/p>\n\n<p>Informazioni dettagliate su questi programmi di analisi si trovano nella seguente dichiarazione sulla protezione dei dati.<\/p>\n\n<h2 class=\"wp-block-heading\">2. Reti di hosting e distribuzione di contenuti (CDN)<\/h2>\n\n<h3 class=\"wp-block-heading\">Hosting esterno<\/h3>\n\n<p>Questo sito web \u00e8 ospitato da un fornitore di servizi esterno (hoster). I dati personali raccolti su questo sito Web sono archiviati sui server dell&#039;host. Si tratta principalmente di indirizzi IP, richieste di contatto, metadati e dati di comunicazione, dati contrattuali, dati di contatto, nomi, accessi al sito web e altri dati generati tramite un sito web.<\/p>\n\n<p>L&#039;hoster viene utilizzato allo scopo di adempiere al contratto con i nostri clienti potenziali ed esistenti (art. 6 cpv. 1 lett. b DSGVO) e nell&#039;interesse di una fornitura sicura, rapida ed efficiente della nostra offerta online da parte di un fornitore professionale ( Art. 6 comma 1 lettera f GDPR).<\/p>\n\n<p>Il nostro hoster tratter\u00e0 i tuoi dati solo nella misura in cui ci\u00f2 \u00e8 necessario per adempiere ai suoi obblighi di prestazione e seguir\u00e0 le nostre istruzioni in relazione a questi dati.<\/p>\n\n<p><strong>Conclusione di un contratto per l&#039;elaborazione degli ordini<\/strong><\/p>\n\n<p>Per garantire un trattamento conforme alla protezione dei dati, abbiamo stipulato un contratto per l&#039;elaborazione degli ordini con il nostro hoster.<\/p>\n\n<h2 class=\"wp-block-heading\">3. Informazioni generali e informazioni obbligatorie<\/h2>\n\n<h3 class=\"wp-block-heading\">Protezione dati<\/h3>\n\n<p>Gli operatori di queste pagine prendono molto sul serio la protezione dei vostri dati personali. Trattiamo i vostri dati personali in modo confidenziale e in conformit\u00e0 con le norme legali sulla protezione dei dati e con la presente dichiarazione sulla protezione dei dati.<\/p>\n\n<p>Se si utilizza questo sito Web, verranno raccolti diversi dati personali. I dati personali sono dati con i quali potete essere identificati personalmente. Questa dichiarazione sulla protezione dei dati spiega quali dati raccogliamo e per cosa li utilizziamo. Spiega anche come e per quale scopo ci\u00f2 avviene.<\/p>\n\n<p>Desideriamo sottolineare che la trasmissione di dati in Internet (ad esempio nella comunicazione via e-mail) pu\u00f2 presentare lacune nella sicurezza. Una protezione completa dei dati contro l&#039;accesso di terzi non \u00e8 possibile.<\/p>\n\n<h3 class=\"wp-block-heading\">Nota sull&#039;organismo responsabile<\/h3>\n\n<p>L\u2019organismo responsabile del trattamento dei dati su questo sito web \u00e8:<\/p>\n\n<p>SC VNV Servizi Web successivi<br \/>Via Spini\u015f, Nr.2, Bl.105, Sc.D, Et.2, Ap.36<br \/>Municipiul Bucure\u015fti, Settore 4<br \/>Romania<\/p>\n\n<p>E-mail: support@thsorganic.com<\/p>\n\n<p>L&#039;organismo responsabile \u00e8 la persona fisica o giuridica che, singolarmente o insieme ad altri, decide in merito alle finalit\u00e0 e ai mezzi del trattamento dei dati personali (ad esempio nomi, indirizzi e-mail, ecc.).<\/p>\n\n<h3 class=\"wp-block-heading\">Revoca del consenso al trattamento dei dati<\/h3>\n\n<p>Molte operazioni di trattamento dei dati sono possibili solo con il tuo esplicito consenso. Potrai revocare in ogni momento il consenso che hai gi\u00e0 prestato. La liceit\u00e0 del trattamento dei dati avvenuto fino alla revoca non viene pregiudicata dalla revoca.<\/p>\n\n<h3 class=\"wp-block-heading\">Diritto di opporsi alla raccolta dei dati in casi particolari e alla pubblicit\u00e0 diretta (Art. 21 GDPR)<\/h3>\n\n<p>SE IL TRATTAMENTO DEI DATI \u00c8 BASATO SULL&#039;ART. 6ABS. 1 LET. E O F GDPR, HAI IL DIRITTO DI OPPONDERSI IN QUALSIASI MOMENTO AL TRATTAMENTO DEI TUOI DATI PERSONALI PER MOTIVI DERIVANTI DALLA TUA SITUAZIONE PARTICOLARE; CI\u00d2 VALE ANCHE PER LA PROFILAZIONE BASATA SU TALI DISPOSIZIONI. LA RISPETTIVA BASE GIURIDICA SU CUI SI BASA IL TRATTAMENTO \u00c8 RAPPRESENTATA NELLA PRESENTE INFORMATIVA SULLA PRIVACY DEI DATI. IN CASO DI OPPOSIZIONE, NON TRATTEREMO PI\u00d9 I TUOI DATI PERSONALI COINVOLTI, A MENO CHE NON POSSIAMO DIMOSTRARE COMPLETI MOTIVI DI TUTELA PER IL TRATTAMENTO CHE PREVALGONO I TUOI INTERESSI, DIRITTI E LIBERT\u00c0 O CHE IL TRATTAMENTO SIA PER LO SCOPO, L&#039;ESERCIZIO O LA DIFESA DI UN RECLAMI LEGALI ( OPPOSIZIONE AI SENSI DELL&#039;ART. 21(1) GDPR).<\/p>\n\n<p>SE I TUOI DATI PERSONALI VENGONO TRATTATI PER PUBBLICIT\u00c0 DIRETTA, HAI IL DIRITTO DI OPPORSI IN QUALSIASI MOMENTO AL TRATTAMENTO DEI TUOI DATI PERSONALI PER TALI SCOPI PUBBLICITARI; CI\u00d2 SI APPLICA ANCHE ALLA PROFILAZIONE NELLA MISURA RELATIVA A TALE PUBBLICIT\u00c0 DIRETTA. IN CASO DI OPPOSIZIONE, I TUOI DATI PERSONALI NON SARANNO PI\u00d9 UTILIZZATI PER SCOPI PUBBLICITARI DIRETTI (OPPOSIZIONE AI SENSI DELL&#039;ART. 21, PARAGRAFO 2, GDPR).<\/p>\n\n<h3 class=\"wp-block-heading\">Diritto di ricorso all&#039;autorit\u00e0 di controllo competente<\/h3>\n\n<p>In caso di violazioni del GDPR, gli interessati hanno il diritto di proporre reclamo a un&#039;autorit\u00e0 di controllo, segnatamente nello Stato membro in cui risiedono abitualmente, lavorano oppure del luogo in cui si \u00e8 verificata la presunta violazione. Il diritto di proporre reclamo lascia impregiudicato ogni altro ricorso amministrativo o giurisdizionale.<\/p>\n\n<h3 class=\"wp-block-heading\">Diritto alla portabilit\u00e0 dei dati<\/h3>\n\n<p>Avete il diritto di far s\u00ec che i dati che elaboriamo automaticamente sulla base del vostro consenso o in adempimento di un contratto siano consegnati a voi o a terzi in un formato comune e leggibile da una macchina. Se richiedete la trasmissione diretta dei dati a un altro responsabile, ci\u00f2 avverr\u00e0 solo nella misura in cui ci\u00f2 sia tecnicamente fattibile.<\/p>\n\n<h3 class=\"wp-block-heading\">Crittografia SSL o TLS<\/h3>\n\n<p>Per motivi di sicurezza e per proteggere la trasmissione di contenuti riservati, come ordini o richieste che ci invii in qualit\u00e0 di operatore del sito, questo sito utilizza la crittografia SSL o TLS. Potete riconoscere una connessione crittografata dal fatto che la riga dell&#039;indirizzo del browser cambia da &quot;http:\/\/&quot; a &quot;https:\/\/&quot; e dal simbolo del lucchetto nella riga del browser.<\/p>\n\n<p>Se la crittografia SSL o TLS \u00e8 attivata, i dati che ci trasmettete non possono essere letti da terzi.<\/p>\n\n<h3 class=\"wp-block-heading\">Informazioni, cancellazione e correzione<\/h3>\n\n<p>Nell&#039;ambito delle disposizioni di legge applicabili avete il diritto di essere informati gratuitamente sui vostri dati personali memorizzati, sulla loro origine, sul destinatario e sullo scopo del trattamento dei dati e, se necessario, il diritto alla rettifica o alla cancellazione di questi dati in qualsiasi momento. . Se avete ulteriori domande in merito ai dati personali potete contattarci in qualsiasi momento all&#039;indirizzo indicato nell&#039;impronta.<\/p>\n\n<h3 class=\"wp-block-heading\">Diritto alla limitazione del trattamento<\/h3>\n\n<p>Hai il diritto di richiedere la limitazione del trattamento dei tuoi dati personali. Potete contattarci in qualsiasi momento all&#039;indirizzo indicato nell&#039;impronta. Il diritto alla limitazione del trattamento sussiste nei seguenti casi:<\/p>\n\n<ul class=\"wp-block-list\">\n<li>Se contesti l&#039;accuratezza dei tuoi dati personali da noi memorizzati, di solito abbiamo bisogno di tempo per verificarli. Per tutta la durata dell&#039;esame avete il diritto di richiedere che il trattamento dei vostri dati personali sia limitato.<\/li>\n\n<li>Se il trattamento dei tuoi dati personali \u00e8 avvenuto\/sta accadendo illegalmente, puoi richiedere la limitazione del trattamento dei dati invece della cancellazione.<\/li>\n\n<li>Se non abbiamo pi\u00f9 bisogno dei tuoi dati personali, ma ne hai bisogno per esercitare, difendere o far valere diritti legali, hai il diritto di richiedere che il trattamento dei tuoi dati personali sia limitato anzich\u00e9 cancellato.<\/li>\n\n<li>Se avete presentato opposizione ai sensi dell&#039;art. 21 cpv. 1 GDPR, i vostri interessi e i nostri devono essere soppesati. Fino a quando non \u00e8 stato ancora stabilito quali interessi prevalgono, hai il diritto di richiedere che il trattamento dei tuoi dati personali sia limitato.<\/li>\n<\/ul>\n\n<p>Se avete limitato il trattamento dei vostri dati personali, questi dati \u2013 a parte la loro archiviazione \u2013 possono essere utilizzati solo con il vostro consenso o per far valere, esercitare o difendere diritti legali o per proteggere i diritti di un&#039;altra persona fisica o giuridica o per motivi di vengono trattati interessi pubblici importanti dell\u2019Unione europea o di uno Stato membro.<\/p>\n\n<h2 class=\"wp-block-heading\">4. Raccolta dati su questo sito web<\/h2>\n\n<h3 class=\"wp-block-heading\">Biscotti<\/h3>\n\n<p>Il nostro sito web utilizza i cosiddetti \u201ccookie\u201d. I cookie sono piccoli file di testo e non causano alcun danno al tuo dispositivo finale. Vengono memorizzati sul vostro dispositivo finale temporaneamente per la durata di una sessione (cookie di sessione) o in modo permanente (cookie permanenti). I cookie di sessione vengono automaticamente cancellati dopo la visita. I cookie permanenti rimangono memorizzati sul tuo dispositivo finch\u00e9 non li cancelli tu stesso o finch\u00e9 non vengono cancellati automaticamente dal tuo browser web.<\/p>\n\n<p>In alcuni casi, quando accedete al nostro sito, possono essere memorizzati sul vostro dispositivo finale anche cookie di societ\u00e0 terze (cookie di terze parti). Questi consentono a noi o all&#039;utente di utilizzare determinati servizi di societ\u00e0 terze (ad esempio i cookie per l&#039;elaborazione dei servizi di pagamento).<\/p>\n\n<p>I cookie hanno diverse funzioni. Numerosi cookie sono tecnicamente necessari poich\u00e9 alcune funzioni del sito web non funzionerebbero senza di essi (ad esempio la funzione del carrello o la visualizzazione di video). Altri cookie vengono utilizzati per valutare il comportamento dell&#039;utente o per visualizzare pubblicit\u00e0.<\/p>\n\n<p>Cookie necessari per eseguire il processo di comunicazione elettronica (cookie necessari) o per fornire determinate funzioni desiderate (cookie funzionali, ad esempio per la funzione carrello) o per ottimizzare il sito web (ad esempio cookie per misurare l&#039;audience del web). memorizzati sulla base dell&#039;articolo 6, paragrafo 1, lettera f) GDPR, a meno che non sia specificata un&#039;altra base giuridica. Il gestore del sito web ha un interesse legittimo alla memorizzazione dei cookie per la fornitura dei propri servizi tecnicamente priva di errori e ottimizzata. Se \u00e8 stato richiesto il consenso alla memorizzazione dei cookie, i relativi cookie verranno memorizzati esclusivamente sulla base di tale consenso (articolo 6, paragrafo 1, lettera a) GDPR); il consenso pu\u00f2 essere revocato in qualsiasi momento.<\/p>\n\n<p>Potete impostare il vostro browser in modo da essere informati sull&#039;impostazione dei cookie e consentire i cookie solo in singoli casi, escludere l&#039;accettazione dei cookie in determinati casi o in generale e attivare la cancellazione automatica dei cookie alla chiusura del browser. Se i cookie vengono disattivati, la funzionalit\u00e0 di questo sito web potrebbe essere limitata.<\/p>\n\n<p>Se i cookie vengono utilizzati da societ\u00e0 terze o per scopi di analisi, vi informeremo separatamente nella presente dichiarazione sulla protezione dei dati e, se necessario, chiederemo il vostro consenso.<\/p>\n\n<h3 class=\"wp-block-heading\">File di registro del server<\/h3>\n\n<p>Il fornitore delle pagine raccoglie e memorizza automaticamente informazioni nei cosiddetti file di log del server, che il vostro browser ci trasmette automaticamente. Questi sono:<\/p>\n\n<ul class=\"wp-block-list\">\n<li>Tipo di browser e versione del browser<\/li>\n\n<li>sistema operativo utilizzato<\/li>\n\n<li>URL di riferimento<\/li>\n\n<li>Nome host del computer che accede<\/li>\n\n<li>Ora della richiesta del server<\/li>\n\n<li>indirizzo IP<\/li>\n<\/ul>\n\n<p>Questi dati non vengono uniti con altre origini dati.<\/p>\n\n<p>Questi dati vengono raccolti sulla base dell&#039;articolo 6, paragrafo 1, lettera f) GDPR. Il gestore del sito web ha un interesse legittimo alla presentazione e all&#039;ottimizzazione tecnicamente priva di errori del suo sito web \u2013 a questo scopo devono essere registrati i file di registro del server.<\/p>\n\n<h3 class=\"wp-block-heading\">Modulo di Contatto<\/h3>\n\n<p>Se ci inviate richieste tramite il modulo di contatto, i vostri dati dal modulo di richiesta, compresi i dati di contatto ivi forniti, verranno archiviati da noi allo scopo di elaborare la richiesta e in caso di domande successive. Non trasmettiamo questi dati senza il tuo consenso.<\/p>\n\n<p>Questi dati vengono trattati sulla base dell&#039;articolo 6, paragrafo 1, lettera b) GDPR se la vostra richiesta \u00e8 correlata all&#039;adempimento di un contratto o \u00e8 necessaria per l&#039;esecuzione di misure precontrattuali. In tutti gli altri casi, il trattamento si basa sul nostro legittimo interesse all&#039;elaborazione efficace delle richieste a noi rivolte (art. 6 cpv. 1 lett. f GDPR) o sul vostro consenso (art. 6 cpv. 1 lett. a GDPR) se questo fosse stato interrogato.<\/p>\n\n<p>I dati che inserisci nel modulo di contatto rimarranno con noi fino a quando non ci chiederai di cancellarli, revocherai il tuo consenso alla memorizzazione o lo scopo della memorizzazione dei dati non sar\u00e0 pi\u00f9 applicabile (ad esempio dopo che la tua richiesta \u00e8 stata elaborata). Le disposizioni legali obbligatorie \u2013 in particolare i termini di conservazione \u2013 rimangono inalterate.<\/p>\n\n<h3 class=\"wp-block-heading\">Richiesta via e-mail, telefono o fax<\/h3>\n\n<p>Se ci contattate via e-mail, telefono o fax, la vostra richiesta, compresi tutti i dati personali risultanti (nome, richiesta) verranno archiviati ed elaborati da noi allo scopo di elaborare la vostra richiesta. Non trasmettiamo questi dati senza il tuo consenso.<\/p>\n\n<p>Questi dati vengono trattati sulla base dell&#039;articolo 6, paragrafo 1, lettera b) GDPR se la vostra richiesta \u00e8 correlata all&#039;adempimento di un contratto o \u00e8 necessaria per l&#039;esecuzione di misure precontrattuali. In tutti gli altri casi, il trattamento si basa sul nostro legittimo interesse all&#039;elaborazione efficace delle richieste a noi rivolte (art. 6 cpv. 1 lett. f GDPR) o sul vostro consenso (art. 6 cpv. 1 lett. a GDPR) se questo fosse stato interrogato.<\/p>\n\n<p>I dati che ci hai inviato tramite richieste di contatto rimarranno con noi fino a quando non ne richiederai la cancellazione, revocherai il tuo consenso alla memorizzazione o lo scopo della memorizzazione dei dati non sar\u00e0 pi\u00f9 valido (ad esempio dopo che la tua richiesta sar\u00e0 stata elaborata). Le disposizioni legali obbligatorie \u2013 in particolare i termini di conservazione previsti dalla legge \u2013 rimangono inalterate.<\/p>\n\n<h2 class=\"wp-block-heading\">5. Plugin e strumenti<\/h2>\n\n<h3 class=\"wp-block-heading\">Caratteri web di Google<\/h3>\n\n<p>Questo sito utilizza i cosiddetti web font forniti da Google per la visualizzazione uniforme dei caratteri. Quando richiami una pagina, il tuo browser carica i web font necessari nella cache del browser per visualizzare correttamente testo e caratteri.<\/p>\n\n<p>A tale scopo il browser che stai utilizzando deve connettersi ai server di Google. In questo modo Google viene a conoscenza del fatto che questo sito web \u00e8 stato visitato tramite il tuo indirizzo IP. I Google WebFont vengono utilizzati sulla base dell&#039;art. 6 (1) (f) GDPR. Il gestore del sito web ha un interesse legittimo alla presentazione uniforme dei caratteri tipografici sul suo sito web. Se \u00e8 stato richiesto un consenso corrispondente (ad es. consenso alla memorizzazione dei cookie), il trattamento avviene esclusivamente sulla base dell&#039;articolo 6, paragrafo 1, lett. il consenso pu\u00f2 essere revocato in qualsiasi momento.<\/p>\n\n<p>Se il tuo browser non supporta i caratteri web, il tuo computer utilizzer\u00e0 un carattere standard.<\/p>\n\n<p class=\"translation-block\">Ulteriori informazioni su Google Web Fonts sono disponibili all&#039;indirizzo <a href=\"https:\/\/developers.google.com\/fonts\/faq\" target=\"_blank\" rel=\"noreferrer noopener\">https:\/\/developers.google.com\/fonts\/faq<\/a> e nella dichiarazione sulla protezione dei dati di Google: <a href=\"https:\/\/policies.google.com\/privacy?hl=de\" target=\"_blank\" rel=\"noreferrer noopener\">https:\/\/policies.google.com\/privacy?hl=de<\/a> .<\/p>\n\n<h3 class=\"wp-block-heading\">Google Maps<\/h3>\n\n<p>Questo sito utilizza il servizio di mappe di Google Maps tramite un&#039;API. Il fornitore \u00e8 Google Ireland Limited (\u201cGoogle\u201d), Gordon House, Barrow Street, Dublino 4, Irlanda.<\/p>\n\n<p>Per poter utilizzare le funzioni di Google Maps \u00e8 necessario salvare il vostro indirizzo IP. Queste informazioni vengono solitamente trasmesse a un server di Google negli Stati Uniti e ivi memorizzate. Il fornitore di questo sito non ha alcuna influenza su questo trasferimento di dati.<\/p>\n\n<p>Google Maps viene utilizzato nell&#039;interesse di una presentazione attraente delle nostre offerte online e per facilitare la ricerca dei luoghi da noi indicati sul sito web. Ci\u00f2 rappresenta un interesse legittimo ai sensi dell&#039;articolo 6 paragrafo 1 lettera f GDPR. Se \u00e8 stato richiesto un corrispondente consenso, il trattamento avviene esclusivamente sulla base dell&#039;articolo 6 paragrafo 1 lettera a GDPR; il consenso pu\u00f2 essere revocato in qualsiasi momento.<\/p>\n\n<p class=\"translation-block\">Puoi trovare ulteriori informazioni sulla gestione dei dati degli utenti nella dichiarazione sulla protezione dei dati di Google: <a href=\"https:\/\/policies.google.com\/privacy?hl=de\" target=\"_blank\" rel=\"noreferrer noopener\">https:\/\/policies.google.com\/privacy?hl=de<\/a> .<\/p>\n\t\t\t\t\t\t\t\t<\/div>\n\t\t\t\t<\/div>\n\t\t\t\t\t<\/div>\n\t\t<\/div>\n\t\t\t\t\t<\/div>\n\t\t<\/section>\n\t\t\t\t<\/div>","protected":false},"excerpt":{"rendered":"<p>Informativa sulla privacy 1. Privacy in breve Informazioni generali Le seguenti note forniscono una semplice panoramica di ci\u00f2 che accade ai tuoi dati personali quando visiti questo sito web. I dati personali sono tutti i dati con i quali potete essere identificati personalmente. Informazioni dettagliate sul tema della protezione dei dati si trovano nella nostra dichiarazione sulla protezione dei dati elencata [\u2026]<\/p>","protected":false},"author":2,"featured_media":0,"parent":0,"menu_order":0,"comment_status":"closed","ping_status":"open","template":"","meta":{"footnotes":""},"class_list":["post-3","page","type-page","status-publish","hentry"],"_links":{"self":[{"href":"https:\/\/demo.thsorganic.com\/it\/wp-json\/wp\/v2\/pages\/3","targetHints":{"allow":["GET"]}}],"collection":[{"href":"https:\/\/demo.thsorganic.com\/it\/wp-json\/wp\/v2\/pages"}],"about":[{"href":"https:\/\/demo.thsorganic.com\/it\/wp-json\/wp\/v2\/types\/page"}],"author":[{"embeddable":true,"href":"https:\/\/demo.thsorganic.com\/it\/wp-json\/wp\/v2\/users\/2"}],"replies":[{"embeddable":true,"href":"https:\/\/demo.thsorganic.com\/it\/wp-json\/wp\/v2\/comments?post=3"}],"version-history":[{"count":16,"href":"https:\/\/demo.thsorganic.com\/it\/wp-json\/wp\/v2\/pages\/3\/revisions"}],"predecessor-version":[{"id":1067,"href":"https:\/\/demo.thsorganic.com\/it\/wp-json\/wp\/v2\/pages\/3\/revisions\/1067"}],"wp:attachment":[{"href":"https:\/\/demo.thsorganic.com\/it\/wp-json\/wp\/v2\/media?parent=3"}],"curies":[{"name":"parola chiave","href":"https:\/\/api.w.org\/{rel}","templated":true}]}}