{"id":190,"date":"2022-12-21T16:45:51","date_gmt":"2022-12-21T16:45:51","guid":{"rendered":"https:\/\/demo.thsorganic.com\/?post_type=product&#038;p=190"},"modified":"2025-12-12T22:18:23","modified_gmt":"2025-12-12T22:18:23","slug":"lifeskin","status":"publish","type":"product","link":"https:\/\/demo.thsorganic.com\/fr\/produit\/lifeskin\/","title":{"rendered":"Lifeskin"},"content":{"rendered":"<p><strong>SOLUTION DE SOINS DE LA PEAU BIOLOGIQUE FABRIQU\u00c9E AVEC DES INGR\u00c9DIENTS 100% NATURELS<\/strong><\/p>\n<p>Traitement revitalisant pour la peau avec un effet anti-\u00e2ge. Il stimule le collag\u00e8ne et les fibres d'\u00e9lastine pour donner de la luminosit\u00e9, de la douceur et de l'hydratation \u00e0 la peau.<\/p>\n<p class=\"translation-block\">Recommand\u00e9 pour combattre <b>l'acn\u00e9<\/b>, la <b>rosac\u00e9e<\/b>, la <b>folliculite<\/b> et les <b>imperfections cutan\u00e9es<\/b> du visage.<\/p>\n<p>Gr\u00e2ce aux excellentes propri\u00e9t\u00e9s du miel et des extraits de plantes, ce masque assure la p\u00e9n\u00e9tration des ingr\u00e9dients actifs dans la peau sans aucun effet secondaire.<\/p>\n<p><strong>100% S\u00dbR POUR TOUS LES TYPES DE PEAU.<\/strong><\/p>\n<p class=\"lifeskin__lastp\"><strong>UNE BO\u00ceTE CONTIENT 15 PETITS SACHETS DE 7 g CHACUN ET EST SUFFISANTE POUR 30 JOURS DE TRAITEMENT.<\/strong><\/p>","protected":false},"excerpt":{"rendered":"<p><span style=\"color: #ff6600;\"><strong>SE D\u00c9BARRASSER DE L'ACN\u00c9 ET DES TACHES CUTAN\u00c9ES D\u00c9FINITIVEMENT!<\/strong><\/span><\/p>\n<p><span style=\"color: #ff6600;\"><strong>Notre traitement de soin de la peau est \u00e9labor\u00e9 exclusivement \u00e0 partir d'ingr\u00e9dients naturels, garantissant qu'il est enti\u00e8rement biologique.<\/strong><\/span><\/p>\n<p class=\"translation-block\"><strong>LifeSkin\u00ae<\/strong> est un masque biologique, compos\u00e9 \u00e0 <strong>100% d'ingr\u00e9dients naturels<\/strong> qui aident \u00e0 <strong>nourrir et tonifier tout type de peau s\u00e8che, sensible, normale<\/strong> ou <strong>mixte<\/strong>.<br>\nAvec son <strong>effet antibiotique naturel<\/strong>, le masque LifeSkin\u00ae vous aidera \u00e0 <strong>vous d\u00e9barrasser de probl\u00e8mes<\/strong> tels que:<\/p>\n<p class=\"translation-block\"><strong>ACN\u00c9, ROSAC\u00c9E, FOLLICULITE, COUP DE SOLEIL <\/strong>et <strong>TACHES SUR LA PEAU.<br>\n<\/strong>Fournit les vitamines n\u00e9cessaires pour augmenter l'\u00e9lasticit\u00e9 et la luminosit\u00e9 de la peau pour un rajeunissement efficace et \u00e9nergisant.<br>\n<strong>100% s\u00fbr pour tous les types de peau.<\/strong><\/p>","protected":false},"featured_media":702,"comment_status":"open","ping_status":"closed","template":"","meta":[],"product_brand":[],"product_cat":[21],"product_tag":[26],"class_list":{"0":"post-190","1":"product","2":"type-product","3":"status-publish","4":"has-post-thumbnail","6":"product_cat-ths-organic","7":"product_tag-lifeskin","9":"first","10":"instock","11":"sale","12":"taxable","13":"shipping-taxable","14":"purchasable","15":"product-type-simple"},"_links":{"self":[{"href":"https:\/\/demo.thsorganic.com\/fr\/wp-json\/wp\/v2\/product\/190","targetHints":{"allow":["GET"]}}],"collection":[{"href":"https:\/\/demo.thsorganic.com\/fr\/wp-json\/wp\/v2\/product"}],"about":[{"href":"https:\/\/demo.thsorganic.com\/fr\/wp-json\/wp\/v2\/types\/product"}],"replies":[{"embeddable":true,"href":"https:\/\/demo.thsorganic.com\/fr\/wp-json\/wp\/v2\/comments?post=190"}],"wp:featuredmedia":[{"embeddable":true,"href":"https:\/\/demo.thsorganic.com\/fr\/wp-json\/wp\/v2\/media\/702"}],"wp:attachment":[{"href":"https:\/\/demo.thsorganic.com\/fr\/wp-json\/wp\/v2\/media?parent=190"}],"wp:term":[{"taxonomy":"product_brand","embeddable":true,"href":"https:\/\/demo.thsorganic.com\/fr\/wp-json\/wp\/v2\/product_brand?post=190"},{"taxonomy":"product_cat","embeddable":true,"href":"https:\/\/demo.thsorganic.com\/fr\/wp-json\/wp\/v2\/product_cat?post=190"},{"taxonomy":"product_tag","embeddable":true,"href":"https:\/\/demo.thsorganic.com\/fr\/wp-json\/wp\/v2\/product_tag?post=190"}],"curies":[{"name":"wp","href":"https:\/\/api.w.org\/{rel}","templated":true}]}}