{"id":189,"date":"2022-12-21T16:45:16","date_gmt":"2022-12-21T16:45:16","guid":{"rendered":"https:\/\/demo.thsorganic.com\/?post_type=product&#038;p=189"},"modified":"2025-12-12T22:19:39","modified_gmt":"2025-12-12T22:19:39","slug":"newhair","status":"publish","type":"product","link":"https:\/\/demo.thsorganic.com\/fr\/produit\/newhair\/","title":{"rendered":"Newhair"},"content":{"rendered":"<p><strong>SOLUTION BIO POUR LA SANT\u00c9 DES CHEVEUX, BAS\u00c9E SUR UNE RECETTE ANCIENNE, FAITE \u00c0 PARTIR D'INGR\u00c9DIENTS 100% NATURELS!<\/strong><\/p>\n<p class=\"translation-block\">Indiqu\u00e9 pour la <b>calvitie<\/b>, la <b>perte de cheveux<\/b>, le <b>psoriasis<\/b>, la <b>folliculite<\/b> et les <b>pelllicules<\/b>. R\u00e9g\u00e9n\u00e8re les cheveux m\u00eame apr\u00e8s une chimioth\u00e9rapie.<\/p>\n<p>Gr\u00e2ce aux excellentes propri\u00e9t\u00e9s du miel et des extraits de plantes, ce masque assure la p\u00e9n\u00e9tration des ingr\u00e9dients actifs dans la peau sans effets secondaires.<\/p>\n<p>Un contenant est suffisant pour 30 jours de traitement.<\/p>\n<p><strong>UN V\u00c9RITABLE ET R\u00c9VOLUTIONNAIRE PRODUIT DE SOIN DE LA PEAU POUR VOUS!<\/strong><\/p>\n<p class=\"newhair__lastp\"><strong>UNIQUEMENT DES INGR\u00c9DIENTS NATURELS PROVENANT DE SOURCES S\u00c9LECTIONN\u00c9ES AVEC SOIN, SOIGNEUSEMENT TRAIT\u00c9S ET EMBALL\u00c9S AVEC UNE RECETTE QUE NOUS GARDERONS SECR\u00c8TE - TOUT POUR REVITALISER LA PEAU!<\/strong><\/p>","protected":false},"excerpt":{"rendered":"<p class=\"translation-block\"><strong><em>NewHair\u00ae Natural<\/em><\/strong>, traitement de <strong>r\u00e9g\u00e9n\u00e9ration et de croissance capillaire<\/strong> pour <strong>femmes et hommes<\/strong>. R\u00e9g\u00e9n\u00e8re les cheveux depuis leur racine. Traitement <strong>100% naturel<\/strong> issu de <strong>sources biologiques.<\/strong><\/p>\n<p class=\"translation-block\">Aide \u00e0 traiter les <strong>troubles capillaires et du cuir chevelu<\/strong> suivants:<br><span style=\"color: #ff6600\"><strong>ALOP\u00c9CIE, CHUTE DE CHEVEUX, PSORIASIS, FOLLICULITE ET PELLICULES EXCESSIVES.<\/strong><\/span><\/p>\n<p class=\"translation-block\">En raison de sa composition enti\u00e8rement biologique, \u00e0 base de produits de la ruche et d'herbes, <strong>NewHair\u00ae<\/strong> ne provoque aucun effet nocif pendant ou apr\u00e8s utilisation.<\/p>","protected":false},"featured_media":703,"comment_status":"open","ping_status":"closed","template":"","meta":[],"product_brand":[],"product_cat":[21],"product_tag":[25],"class_list":{"0":"post-189","1":"product","2":"type-product","3":"status-publish","4":"has-post-thumbnail","6":"product_cat-ths-organic","7":"product_tag-newhair","9":"first","10":"instock","11":"sale","12":"taxable","13":"shipping-taxable","14":"purchasable","15":"product-type-simple"},"_links":{"self":[{"href":"https:\/\/demo.thsorganic.com\/fr\/wp-json\/wp\/v2\/product\/189","targetHints":{"allow":["GET"]}}],"collection":[{"href":"https:\/\/demo.thsorganic.com\/fr\/wp-json\/wp\/v2\/product"}],"about":[{"href":"https:\/\/demo.thsorganic.com\/fr\/wp-json\/wp\/v2\/types\/product"}],"replies":[{"embeddable":true,"href":"https:\/\/demo.thsorganic.com\/fr\/wp-json\/wp\/v2\/comments?post=189"}],"wp:featuredmedia":[{"embeddable":true,"href":"https:\/\/demo.thsorganic.com\/fr\/wp-json\/wp\/v2\/media\/703"}],"wp:attachment":[{"href":"https:\/\/demo.thsorganic.com\/fr\/wp-json\/wp\/v2\/media?parent=189"}],"wp:term":[{"taxonomy":"product_brand","embeddable":true,"href":"https:\/\/demo.thsorganic.com\/fr\/wp-json\/wp\/v2\/product_brand?post=189"},{"taxonomy":"product_cat","embeddable":true,"href":"https:\/\/demo.thsorganic.com\/fr\/wp-json\/wp\/v2\/product_cat?post=189"},{"taxonomy":"product_tag","embeddable":true,"href":"https:\/\/demo.thsorganic.com\/fr\/wp-json\/wp\/v2\/product_tag?post=189"}],"curies":[{"name":"wp","href":"https:\/\/api.w.org\/{rel}","templated":true}]}}