{"id":188,"date":"2022-12-21T16:41:35","date_gmt":"2022-12-21T16:41:35","guid":{"rendered":"https:\/\/demo.thsorganic.com\/product\/hoodie-with-logo\/"},"modified":"2025-12-12T22:20:17","modified_gmt":"2025-12-12T22:20:17","slug":"immunity-gold","status":"publish","type":"product","link":"https:\/\/demo.thsorganic.com\/fr\/produit\/immunity-gold\/","title":{"rendered":"Immunity Gold"},"content":{"rendered":"<p class=\"translation-block\"><strong>Immunity Gold<em>\u00ae<\/em><\/strong> est un produit naturel qui aide \u00e0 renforcer le syst\u00e8me immunitaire.<\/p>\n<p>Le produit est livr\u00e9 en 30 petits sachets de 10g chacun.<\/p>\n<p><strong>UNE PORTION OU DEUX PAR JOUR. NE PAS D\u00c9PASSER LA DOSE RECOMMAND\u00c9E POUR UNE CONSOMMATION QUOTIDIENNE!<\/strong><\/p>\n<p>Immunity Gold\u00ae pr\u00e9sente les avantages suivants:<\/p>\n<p>\u2705 Propri\u00e9t\u00e9s anti-inflammatoires et antibact\u00e9riennes qui renforcent le syst\u00e8me immunitaire.<\/p>\n<p>\u2705 La combinaison de curcuma et de miel lutte contre les radicaux libres et les effets associ\u00e9s au vieillissement pr\u00e9matur\u00e9.<\/p>\n<p>\u2705 Aide \u00e0 prot\u00e9ger votre cerveau et r\u00e9duit le risque de d\u00e9mence.<\/p>\n<p>\u2705 Aide \u00e0 \u00e9liminer les toxines.<\/p>\n<p>\u2705 Aide \u00e0 prot\u00e9ger le c\u0153ur et favorise la digestion.<\/p>\n<p>\u2705 Aide \u00e0 soulager les sympt\u00f4mes de la grippe, du rhume et d'autres maladies respiratoires.<\/p>\n<p>\u2705 Poss\u00e8de des propri\u00e9t\u00e9s antifongiques.<\/p>\n<p>\u2705 Poss\u00e8de des propri\u00e9t\u00e9s antioxydantes.<\/p>","protected":false},"excerpt":{"rendered":"<p><span style=\"color: #ff6600;\"><strong>IMMUNITY GOLD\u00ae EST COMPOS\u00c9 ENTI\u00c8REMENT D'INGR\u00c9DIENTS NATURELS ET EST CON\u00c7U POUR RENFORCER LE SYST\u00c8ME IMMUNITAIRE DU CORPS.<\/strong><\/span><\/p>\n<p>Immunity Gold est un produit naturel qui aide \u00e0 renforcer le syst\u00e8me immunitaire. Il poss\u00e8de des propri\u00e9t\u00e9s anti-inflammatoires et antibact\u00e9riennes qui renforcent le syst\u00e8me immunitaire.<\/p>\n<p class=\"translation-block\">En <strong>r\u00e9duisant les niveaux de cholest\u00e9rol<\/strong>, en <strong>am\u00e9liorant la digestion<\/strong> et en <strong>att\u00e9nuant les sympt\u00f4mes<\/strong> associ\u00e9s \u00e0 la <strong>grippe<\/strong>, aux <strong>rhumes<\/strong> et aux <strong>affections respiratoires<\/strong>, ce produit vise \u00e0 favoriser <strong>un c\u0153ur plus sain<\/strong>.<\/p>","protected":false},"featured_media":701,"comment_status":"open","ping_status":"closed","template":"","meta":[],"product_brand":[],"product_cat":[21],"product_tag":[24],"class_list":{"0":"post-188","1":"product","2":"type-product","3":"status-publish","4":"has-post-thumbnail","6":"product_cat-ths-organic","7":"product_tag-immunity","9":"first","10":"instock","11":"sale","12":"taxable","13":"shipping-taxable","14":"purchasable","15":"product-type-simple"},"_links":{"self":[{"href":"https:\/\/demo.thsorganic.com\/fr\/wp-json\/wp\/v2\/product\/188","targetHints":{"allow":["GET"]}}],"collection":[{"href":"https:\/\/demo.thsorganic.com\/fr\/wp-json\/wp\/v2\/product"}],"about":[{"href":"https:\/\/demo.thsorganic.com\/fr\/wp-json\/wp\/v2\/types\/product"}],"replies":[{"embeddable":true,"href":"https:\/\/demo.thsorganic.com\/fr\/wp-json\/wp\/v2\/comments?post=188"}],"wp:featuredmedia":[{"embeddable":true,"href":"https:\/\/demo.thsorganic.com\/fr\/wp-json\/wp\/v2\/media\/701"}],"wp:attachment":[{"href":"https:\/\/demo.thsorganic.com\/fr\/wp-json\/wp\/v2\/media?parent=188"}],"wp:term":[{"taxonomy":"product_brand","embeddable":true,"href":"https:\/\/demo.thsorganic.com\/fr\/wp-json\/wp\/v2\/product_brand?post=188"},{"taxonomy":"product_cat","embeddable":true,"href":"https:\/\/demo.thsorganic.com\/fr\/wp-json\/wp\/v2\/product_cat?post=188"},{"taxonomy":"product_tag","embeddable":true,"href":"https:\/\/demo.thsorganic.com\/fr\/wp-json\/wp\/v2\/product_tag?post=188"}],"curies":[{"name":"wp","href":"https:\/\/api.w.org\/{rel}","templated":true}]}}