{"id":188,"date":"2022-12-21T16:41:35","date_gmt":"2022-12-21T16:41:35","guid":{"rendered":"https:\/\/demo.thsorganic.com\/product\/hoodie-with-logo\/"},"modified":"2025-12-12T22:20:17","modified_gmt":"2025-12-12T22:20:17","slug":"immunity-gold","status":"publish","type":"product","link":"https:\/\/demo.thsorganic.com\/es\/producto\/immunity-gold\/","title":{"rendered":"Immunity Gold"},"content":{"rendered":"<p class=\"translation-block\"><strong>Immunity Gold<em>\u00ae<\/em><\/strong> es un producto natural que ayuda a fortalecer el sistema inmunol\u00f3gico.<\/p>\n<p>El producto se entrega en 30 bolsitas peque\u00f1as de 10g cada una.<\/p>\n<p><strong>\u00a1UNA O DOS PORCIONES AL D\u00cdA. NO EXCEDA LA DOSIS RECOMENDADA PARA EL CONSUMO DIARIO!<\/strong><\/p>\n<p>Immunity Gold\u00ae tiene los siguientes beneficios:<\/p>\n<p>\u2705 Propiedades antiinflamatorias y antibacterianas que fortalecen el sistema inmunol\u00f3gico.<\/p>\n<p>\u2705 La combinaci\u00f3n de c\u00farcuma y miel combate los radicales libres y los efectos asociados con el envejecimiento prematuro.<\/p>\n<p>\u2705 Ayuda a proteger tu cerebro y reduce el riesgo de demencia.<\/p>\n<p>\u2705 Ayuda a eliminar toxinas.<\/p>\n<p>\u2705 Ayuda a proteger el coraz\u00f3n y favorece la digesti\u00f3n.<\/p>\n<p>\u2705 Ayuda a aliviar los s\u00edntomas de gripe, resfriado y otras enfermedades respiratorias.<\/p>\n<p>\u2705 Tiene propiedades antif\u00fangicas.<\/p>\n<p>\u2705 Tiene propiedades antioxidantes.<\/p>","protected":false},"excerpt":{"rendered":"<p><span style=\"color: #ff6600;\"><strong>IMMUNITY GOLD\u00ae EST\u00c1 COMPUESTO TOTALMENTE DE INGREDIENTES NATURALES Y EST\u00c1 DISE\u00d1ADO PARA MEJORAR EL SISTEMA INMUNOL\u00d3GICO DEL CUERPO.<\/strong><\/span><\/p>\n<p>Immunity Gold es un producto natural que ayuda a fortalecer el sistema inmunol\u00f3gico. Tiene propiedades antiinflamatorias y antibacterianas que refuerzan el sistema inmunol\u00f3gico.<\/p>\n<p class=\"translation-block\">Al <strong>reducir los niveles de colesterol<\/strong>, <strong>mejorar la digesti\u00f3n<\/strong> y <strong>aliviar los s\u00edntomas<\/strong> asociados con la <strong>gripe<\/strong>, los <strong>resfriados<\/strong> y las <strong>afecciones respiratorias<\/strong>, este producto tiene como objetivo promover <strong>un coraz\u00f3n m\u00e1s saludable<\/strong>.<\/p>","protected":false},"featured_media":701,"comment_status":"open","ping_status":"closed","template":"","meta":[],"product_brand":[],"product_cat":[21],"product_tag":[24],"class_list":{"0":"post-188","1":"product","2":"type-product","3":"status-publish","4":"has-post-thumbnail","6":"product_cat-ths-organic","7":"product_tag-immunity","9":"first","10":"instock","11":"sale","12":"taxable","13":"shipping-taxable","14":"purchasable","15":"product-type-simple"},"_links":{"self":[{"href":"https:\/\/demo.thsorganic.com\/es\/wp-json\/wp\/v2\/product\/188","targetHints":{"allow":["GET"]}}],"collection":[{"href":"https:\/\/demo.thsorganic.com\/es\/wp-json\/wp\/v2\/product"}],"about":[{"href":"https:\/\/demo.thsorganic.com\/es\/wp-json\/wp\/v2\/types\/product"}],"replies":[{"embeddable":true,"href":"https:\/\/demo.thsorganic.com\/es\/wp-json\/wp\/v2\/comments?post=188"}],"wp:featuredmedia":[{"embeddable":true,"href":"https:\/\/demo.thsorganic.com\/es\/wp-json\/wp\/v2\/media\/701"}],"wp:attachment":[{"href":"https:\/\/demo.thsorganic.com\/es\/wp-json\/wp\/v2\/media?parent=188"}],"wp:term":[{"taxonomy":"product_brand","embeddable":true,"href":"https:\/\/demo.thsorganic.com\/es\/wp-json\/wp\/v2\/product_brand?post=188"},{"taxonomy":"product_cat","embeddable":true,"href":"https:\/\/demo.thsorganic.com\/es\/wp-json\/wp\/v2\/product_cat?post=188"},{"taxonomy":"product_tag","embeddable":true,"href":"https:\/\/demo.thsorganic.com\/es\/wp-json\/wp\/v2\/product_tag?post=188"}],"curies":[{"name":"gracias","href":"https:\/\/api.w.org\/{rel}","templated":true}]}}