{"id":3,"date":"2022-12-12T17:12:09","date_gmt":"2022-12-12T17:12:09","guid":{"rendered":"https:\/\/demo.thsorganic.com\/?page_id=3"},"modified":"2023-06-19T13:30:36","modified_gmt":"2023-06-19T13:30:36","slug":"privacy-policy","status":"publish","type":"page","link":"https:\/\/demo.thsorganic.com\/es\/privacy-policy\/","title":{"rendered":"Pol\u00edtica de Privacidad"},"content":{"rendered":"<div data-elementor-type=\"wp-page\" data-elementor-id=\"3\" class=\"elementor elementor-3\" data-elementor-post-type=\"page\">\n\t\t\t\t\t\t<section class=\"elementor-section elementor-top-section elementor-element elementor-element-381f0497 elementor-section-boxed elementor-section-height-default elementor-section-height-default\" data-id=\"381f0497\" data-element_type=\"section\">\n\t\t\t\t\t\t<div class=\"elementor-container elementor-column-gap-default\">\n\t\t\t\t\t<div class=\"elementor-column elementor-col-100 elementor-top-column elementor-element elementor-element-33ed97bf\" data-id=\"33ed97bf\" data-element_type=\"column\">\n\t\t\t<div class=\"elementor-widget-wrap elementor-element-populated\">\n\t\t\t\t\t\t<div class=\"elementor-element elementor-element-e016125 elementor-widget elementor-widget-heading\" data-id=\"e016125\" data-element_type=\"widget\" data-widget_type=\"heading.default\">\n\t\t\t\t<div class=\"elementor-widget-container\">\n\t\t\t\t\t<h1 class=\"elementor-heading-title elementor-size-default\">Pol\u00edtica de Privacidad<\/h1>\t\t\t\t<\/div>\n\t\t\t\t<\/div>\n\t\t\t\t<div class=\"elementor-element elementor-element-5ebf56c9 elementor-widget elementor-widget-text-editor\" data-id=\"5ebf56c9\" data-element_type=\"widget\" data-widget_type=\"text-editor.default\">\n\t\t\t\t<div class=\"elementor-widget-container\">\n\t\t\t\t\t\t\t\t\t\n<h2 class=\"wp-block-heading\">1. Privacidad de un vistazo<\/h2>\n\n<h3 class=\"wp-block-heading\">informaci\u00f3n general<\/h3>\n\n<p>Las siguientes notas proporcionan una descripci\u00f3n general sencilla de lo que sucede con sus datos personales cuando visita este sitio web. Los datos personales son todos los datos con los que usted puede ser identificado personalmente. Puede encontrar informaci\u00f3n detallada sobre el tema de la protecci\u00f3n de datos en nuestra declaraci\u00f3n de protecci\u00f3n de datos que figura debajo de este texto.<\/p>\n\n<h3 class=\"wp-block-heading\">Recopilaci\u00f3n de datos en este sitio web<\/h3>\n\n<p><strong>\u00bfQui\u00e9n es el responsable de la recogida de datos en este sitio web?<\/strong><\/p>\n\n<p>El procesamiento de datos en este sitio web lo lleva a cabo el operador del sitio web. Puede encontrar sus datos de contacto en el pie de imprenta de este sitio web.<\/p>\n\n<p><strong>\u00bfC\u00f3mo recogemos tus datos?<\/strong><\/p>\n\n<p>Por un lado, tus datos se recogen cuando nos los comunicas. Esto puede ser z. B. ser datos que usted ingresa en un formulario de contacto.<\/p>\n\n<p>Nuestros sistemas de TI recopilan otros datos autom\u00e1ticamente o con su consentimiento cuando visita el sitio web. Se trata principalmente de datos t\u00e9cnicos (p. ej., navegador de Internet, sistema operativo o hora de visualizaci\u00f3n de la p\u00e1gina). Estos datos se recopilan autom\u00e1ticamente tan pronto como ingresa a este sitio web.<\/p>\n\n<p><strong>\u00bfPara qu\u00e9 utilizamos tus datos?<\/strong><\/p>\n\n<p>Parte de los datos se recopilan para garantizar que el sitio web se proporcione sin errores. Se pueden utilizar otros datos para analizar su comportamiento de usuario.<\/p>\n\n<p><strong>\u00bfQu\u00e9 derechos tienes respecto a tus datos?<\/strong><\/p>\n\n<p>Tiene derecho a recibir informaci\u00f3n sobre el origen, destinatario y finalidad de sus datos personales almacenados de forma gratuita en cualquier momento. Tambi\u00e9n tiene derecho a solicitar la correcci\u00f3n o eliminaci\u00f3n de estos datos. Si ha dado su consentimiento para el procesamiento de datos, puede revocar este consentimiento en cualquier momento para el futuro. Tambi\u00e9n tiene derecho, en determinadas circunstancias, a solicitar que se limite el tratamiento de sus datos personales. Tambi\u00e9n tiene derecho a presentar una reclamaci\u00f3n ante la autoridad de control competente.<\/p>\n\n<p>Puede ponerse en contacto con nosotros en cualquier momento en la direcci\u00f3n que figura en el pie de imprenta si tiene m\u00e1s preguntas sobre el tema de la protecci\u00f3n de datos.<\/p>\n\n<h3 class=\"wp-block-heading\">Herramientas de an\u00e1lisis y herramientas de terceros.<\/h3>\n\n<p>Cuando visita este sitio web, su comportamiento de navegaci\u00f3n puede evaluarse estad\u00edsticamente. Esto se hace principalmente con los llamados programas de an\u00e1lisis.<\/p>\n\n<p>Puede encontrar informaci\u00f3n detallada sobre estos programas de an\u00e1lisis en la siguiente declaraci\u00f3n de protecci\u00f3n de datos.<\/p>\n\n<h2 class=\"wp-block-heading\">2. Redes de alojamiento y entrega de contenido (CDN)<\/h2>\n\n<h3 class=\"wp-block-heading\">Alojamiento externo<\/h3>\n\n<p>Este sitio web est\u00e1 alojado por un proveedor de servicios externo (hoster). Los datos personales recogidos en este sitio web se almacenan en los servidores del host. Puede tratarse principalmente de direcciones IP, solicitudes de contacto, metadatos y datos de comunicaci\u00f3n, datos de contrato, datos de contacto, nombres, acceso a sitios web y otros datos generados a trav\u00e9s de un sitio web.<\/p>\n\n<p>El proveedor de alojamiento se utiliza con el fin de cumplir el contrato con nuestros clientes potenciales y existentes (Art. 6 P\u00e1rr. 1 letra b DSGVO) y en aras de una prestaci\u00f3n segura, r\u00e1pida y eficiente de nuestra oferta en l\u00ednea por parte de un proveedor profesional ( Art. 6 p\u00e1rrafo 1 letra f del RGPD).<\/p>\n\n<p>Nuestro proveedor de alojamiento solo procesar\u00e1 sus datos en la medida en que sea necesario para cumplir con sus obligaciones de desempe\u00f1o y seguir\u00e1 nuestras instrucciones en relaci\u00f3n con estos datos.<\/p>\n\n<p><strong>Celebraci\u00f3n de un contrato para la tramitaci\u00f3n de pedidos.<\/strong><\/p>\n\n<p>Para garantizar un procesamiento conforme a la protecci\u00f3n de datos, hemos celebrado un contrato de procesamiento de pedidos con nuestro proveedor de alojamiento.<\/p>\n\n<h2 class=\"wp-block-heading\">3. Informaci\u00f3n general e informaci\u00f3n obligatoria<\/h2>\n\n<h3 class=\"wp-block-heading\">Protecci\u00f3n de Datos<\/h3>\n\n<p>Los operadores de estas p\u00e1ginas se toman muy en serio la protecci\u00f3n de sus datos personales. Tratamos sus datos personales de forma confidencial y de acuerdo con las normas legales de protecci\u00f3n de datos y esta declaraci\u00f3n de protecci\u00f3n de datos.<\/p>\n\n<p>Si utiliza este sitio web, se recopilar\u00e1n diversos datos personales. Los datos personales son datos con los que usted puede ser identificado personalmente. Esta declaraci\u00f3n de protecci\u00f3n de datos explica qu\u00e9 datos recopilamos y para qu\u00e9 los utilizamos. Tambi\u00e9n explica c\u00f3mo y con qu\u00e9 prop\u00f3sito sucede esto.<\/p>\n\n<p>Nos gustar\u00eda se\u00f1alar que la transmisi\u00f3n de datos en Internet (p. ej. en la comunicaci\u00f3n por correo electr\u00f3nico) puede tener lagunas de seguridad. No es posible una protecci\u00f3n completa de los datos contra el acceso de terceros.<\/p>\n\n<h3 class=\"wp-block-heading\">Nota sobre el organismo responsable<\/h3>\n\n<p>El responsable del tratamiento de los datos en este sitio web es:<\/p>\n\n<p>SC VNV Siguiente Servicios Web<br \/>calle Spini\u015f, Nr.2, Bl.105, Sc.D, Et.2, Ap.36<br \/>Municipio de Bucure\u015fti, Sector 4<br \/>Rumania<\/p>\n\n<p>Correo electr\u00f3nico: support@thsorganic.com<\/p>\n\n<p>El organismo responsable es la persona f\u00edsica o jur\u00eddica que, sola o junto con otros, decide sobre los fines y medios del procesamiento de datos personales (por ejemplo, nombres, direcciones de correo electr\u00f3nico, etc.).<\/p>\n\n<h3 class=\"wp-block-heading\">Revocaci\u00f3n de su consentimiento al tratamiento de datos<\/h3>\n\n<p>Muchas operaciones de tratamiento de datos s\u00f3lo son posibles con su consentimiento expreso. Podr\u00e1s revocar el consentimiento que ya has otorgado en cualquier momento. La legalidad del procesamiento de datos que tuvo lugar hasta la revocaci\u00f3n no se ver\u00e1 afectada por la revocaci\u00f3n.<\/p>\n\n<h3 class=\"wp-block-heading\">Derecho a oponerse a la recogida de datos en casos especiales y a la publicidad directa (Art. 21 RGPD)<\/h3>\n\n<p>SI EL TRATAMIENTO DE DATOS SE BASA EN EL ART. 6 ABS. 1 LIT. E O F GDPR, USTED TIENE DERECHO A OPONERSE AL TRATAMIENTO DE SUS DATOS PERSONALES EN CUALQUIER MOMENTO POR MOTIVOS DERIVADOS DE SU SITUACI\u00d3N PARTICULAR; ESTO TAMBI\u00c9N SE APLICA A LA PERFILACI\u00d3N BASADA EN ESTAS DISPOSICIONES. LA RESPECTIVA BASE JUR\u00cdDICA EN QUE SE BASA UN TRATAMIENTO SE PUEDE CONSULTAR EN ESTA POL\u00cdTICA DE PRIVACIDAD DE DATOS. SI USTED SE OPONTE, DEJAREMOS DE TRATAR SUS DATOS PERSONALES IMPLICADOS, A MENOS QUE PODEMOS DEMOSTRAR FUNDAMENTOS DE PROTECCI\u00d3N COMPLETOS PARA EL PROCESAMIENTO QUE ANULEN SUS INTERESES, DERECHOS Y LIBERTADES O EL TRATAMIENTO SEA PARA LA FINALIDAD, EJERCICIO O DEFENSA DE RECLAMACIONES LEGALES (OBJECI\u00d3N SEG\u00daN EL ART\u00cdCULO 21 (1) RGPD).<\/p>\n\n<p>SI SUS DATOS PERSONALES SON TRATADOS PARA PUBLICIDAD DIRECTA, USTED TIENE DERECHO A OPONERSE EN CUALQUIER MOMENTO AL TRATAMIENTO DE SUS DATOS PERSONALES PARA TALES FINES PUBLICITARIOS; ESTO TAMBI\u00c9N SE APLICA A LA PERFILACI\u00d3N EN LA MEDIDA RELACIONADA CON DICHA PUBLICIDAD DIRECTA. SI USTED SE OPONTE, SUS DATOS PERSONALES DEJAR\u00c1N DE UTILIZARSE CON FINES DE PUBLICIDAD DIRECTA (OBJECI\u00d3N SEG\u00daN EL ART. 21 (2) RGPD).<\/p>\n\n<h3 class=\"wp-block-heading\">Derecho de recurso ante la autoridad de control competente<\/h3>\n\n<p>En caso de violaciones del RGPD, los afectados tienen derecho a presentar una queja ante una autoridad de control, en particular en el Estado miembro de su residencia habitual, su lugar de trabajo o el lugar de la presunta violaci\u00f3n. El derecho a presentar una queja se entiende sin perjuicio de cualquier otro recurso administrativo o judicial.<\/p>\n\n<h3 class=\"wp-block-heading\">Derecho a la portabilidad de los datos<\/h3>\n\n<p>Tiene derecho a que los datos que procesamos autom\u00e1ticamente sobre la base de su consentimiento o en cumplimiento de un contrato se le entreguen a usted o a un tercero en un formato com\u00fan legible por m\u00e1quina. Si solicita la cesi\u00f3n directa de los datos a otro responsable, s\u00f3lo se har\u00e1 en la medida en que sea t\u00e9cnicamente viable.<\/p>\n\n<h3 class=\"wp-block-heading\">Cifrado SSL o TLS<\/h3>\n\n<p>Por razones de seguridad y para proteger la transmisi\u00f3n de contenido confidencial, como pedidos o consultas que nos env\u00eda como operador del sitio, este sitio utiliza cifrado SSL o TLS. Puede reconocer una conexi\u00f3n cifrada por el hecho de que la l\u00ednea de direcci\u00f3n del navegador cambia de &quot;http:\/\/&quot; a &quot;https:\/\/&quot; y por el s\u00edmbolo de candado en la l\u00ednea de su navegador.<\/p>\n\n<p>Si el cifrado SSL o TLS est\u00e1 activado, los datos que nos transmite no podr\u00e1n ser le\u00eddos por terceros.<\/p>\n\n<h3 class=\"wp-block-heading\">Informaci\u00f3n, supresi\u00f3n y correcci\u00f3n<\/h3>\n\n<p>En el marco de las disposiciones legales aplicables, usted tiene derecho a recibir informaci\u00f3n gratuita sobre sus datos personales almacenados, su origen y destinatario y el prop\u00f3sito del procesamiento de datos y, si es necesario, derecho a rectificar o eliminar estos datos en cualquier momento. . Puede ponerse en contacto con nosotros en cualquier momento en la direcci\u00f3n indicada en el pie de imprenta si tiene m\u00e1s preguntas sobre el tema de los datos personales.<\/p>\n\n<h3 class=\"wp-block-heading\">Derecho a la limitaci\u00f3n del tratamiento<\/h3>\n\n<p>Tiene derecho a solicitar la limitaci\u00f3n del tratamiento de sus datos personales. Puede ponerse en contacto con nosotros en cualquier momento en la direcci\u00f3n que figura en el pie de imprenta. El derecho a la limitaci\u00f3n del tratamiento existe en los siguientes casos:<\/p>\n\n<ul class=\"wp-block-list\">\n<li>Si cuestiona la exactitud de sus datos personales almacenados por nosotros, generalmente necesitamos tiempo para verificarlo. Mientras dure el examen, tiene derecho a solicitar que se limite el tratamiento de sus datos personales.<\/li>\n\n<li>Si el procesamiento de sus datos personales se realiz\u00f3\/est\u00e1 sucediendo de manera ilegal, puede solicitar la restricci\u00f3n del procesamiento de datos en lugar de su eliminaci\u00f3n.<\/li>\n\n<li>Si ya no necesitamos sus datos personales, pero usted los necesita para ejercer, defender o hacer valer reclamaciones legales, tiene derecho a exigir que se limite el procesamiento de sus datos personales en lugar de eliminarlos.<\/li>\n\n<li>Si ha presentado una objeci\u00f3n de conformidad con el art. 21 (1) GDPR, se deben sopesar sus intereses y los nuestros. Mientras a\u00fan no se haya determinado qu\u00e9 intereses prevalecen, usted tiene derecho a exigir que se limite el tratamiento de sus datos personales.<\/li>\n<\/ul>\n\n<p>Si ha restringido el procesamiento de sus datos personales, estos datos \u2013 aparte de su almacenamiento \u2013 s\u00f3lo podr\u00e1n usarse con su consentimiento o para hacer valer, ejercer o defender reclamaciones legales o para proteger los derechos de otra persona f\u00edsica o jur\u00eddica o por motivos de Se tramitan documentos de inter\u00e9s p\u00fablico importante de la Uni\u00f3n Europea o de un Estado miembro.<\/p>\n\n<h2 class=\"wp-block-heading\">4. Recogida de datos en este sitio web<\/h2>\n\n<h3 class=\"wp-block-heading\">Galletas<\/h3>\n\n<p>Nuestro sitio web utiliza las llamadas &quot;cookies&quot;. Las cookies son peque\u00f1os archivos de texto y no causan ning\u00fan da\u00f1o a su dispositivo final. Se almacenan en su dispositivo final de forma temporal durante la duraci\u00f3n de una sesi\u00f3n (cookies de sesi\u00f3n) o de forma permanente (cookies permanentes). Las cookies de sesi\u00f3n se eliminan autom\u00e1ticamente despu\u00e9s de su visita. Las cookies permanentes permanecen almacenadas en su dispositivo final hasta que las elimine usted mismo o hasta que su navegador web las elimine autom\u00e1ticamente.<\/p>\n\n<p>En algunos casos, las cookies de terceros tambi\u00e9n pueden almacenarse en su dispositivo final cuando ingresa a nuestro sitio (cookies de terceros). Estos nos permiten a usted o a nosotros utilizar ciertos servicios de la empresa de terceros (por ejemplo, cookies para procesar servicios de pago).<\/p>\n\n<p>Las cookies tienen diferentes funciones. Muchas cookies son t\u00e9cnicamente necesarias porque sin ellas algunas funciones del sitio web no funcionar\u00edan (p. ej., la funci\u00f3n del carrito de compras o la visualizaci\u00f3n de v\u00eddeos). Otras cookies se utilizan para evaluar el comportamiento del usuario o para mostrar publicidad.<\/p>\n\n<p>Cookies necesarias para llevar a cabo el proceso de comunicaci\u00f3n electr\u00f3nica (cookies necesarias) o para proporcionar determinadas funciones que desee (cookies funcionales, por ejemplo, para la funci\u00f3n del carrito de compras) o para optimizar el sitio web (por ejemplo, cookies para medir la audiencia web). almacenados sobre la base del art\u00edculo 6 (1) (f) del RGPD, a menos que se especifique otra base legal. El operador del sitio web tiene un inter\u00e9s leg\u00edtimo en el almacenamiento de cookies para poder ofrecer sus servicios de forma optimizada y sin errores t\u00e9cnicos. Si se solicit\u00f3 el consentimiento para el almacenamiento de cookies, las cookies correspondientes se almacenar\u00e1n exclusivamente sobre la base de este consentimiento (art\u00edculo 6 (1) (a) del RGPD); el consentimiento puede ser revocado en cualquier momento.<\/p>\n\n<p>Puede configurar su navegador de modo que est\u00e9 informado sobre la configuraci\u00f3n de cookies y s\u00f3lo permita cookies en casos individuales, excluya la aceptaci\u00f3n de cookies para determinados casos o en general y active la eliminaci\u00f3n autom\u00e1tica de cookies al cerrar el navegador. Si se desactivan las cookies, la funcionalidad de este sitio web puede verse restringida.<\/p>\n\n<p>Si las cookies son utilizadas por terceras empresas o con fines de an\u00e1lisis, le informaremos de ello por separado en esta declaraci\u00f3n de protecci\u00f3n de datos y, si es necesario, le solicitaremos su consentimiento.<\/p>\n\n<h3 class=\"wp-block-heading\">Archivos de registro del servidor<\/h3>\n\n<p>El proveedor de las p\u00e1ginas recopila y almacena autom\u00e1ticamente informaci\u00f3n en los llamados archivos de registro del servidor, que su navegador nos transmite autom\u00e1ticamente. Estos son:<\/p>\n\n<ul class=\"wp-block-list\">\n<li>Tipo de navegador y versi\u00f3n del navegador<\/li>\n\n<li>sistema operativo utilizado<\/li>\n\n<li>URL de referencia<\/li>\n\n<li>Nombre de host de la computadora que accede<\/li>\n\n<li>Hora de solicitud del servidor<\/li>\n\n<li>direcci\u00f3n IP<\/li>\n<\/ul>\n\n<p>Estos datos no se fusionan con otras fuentes de datos.<\/p>\n\n<p>Estos datos se recopilan sobre la base del art\u00edculo 6 (1) (f) del RGPD. El operador del sitio web tiene un inter\u00e9s leg\u00edtimo en que su sitio web se presente y optimice t\u00e9cnicamente sin errores; para ello deben registrarse los archivos de registro del servidor.<\/p>\n\n<h3 class=\"wp-block-heading\">Formulario de contacto<\/h3>\n\n<p>Si nos env\u00eda consultas a trav\u00e9s del formulario de contacto, almacenaremos sus datos del formulario de consulta, incluidos los datos de contacto que proporcion\u00f3 all\u00ed, con el fin de procesar la consulta y en caso de preguntas de seguimiento. No transmitimos estos datos sin su consentimiento.<\/p>\n\n<p>Estos datos se procesan sobre la base del art\u00edculo 6 (1) (b) del RGPD si su solicitud est\u00e1 relacionada con el cumplimiento de un contrato o es necesaria para llevar a cabo medidas precontractuales. En todos los dem\u00e1s casos, el procesamiento se basa en nuestro inter\u00e9s leg\u00edtimo en el procesamiento efectivo de las consultas que nos dirigen (Art. 6 P\u00e1rr. 1 lit. f GDPR) o en su consentimiento (Art. 6 P\u00e1rr. 1 lit. a GDPR) si esto fue consultado.<\/p>\n\n<p>Los datos que introduzca en el formulario de contacto permanecer\u00e1n con nosotros hasta que nos solicite que los eliminemos, revoquemos su consentimiento para el almacenamiento o hasta que el prop\u00f3sito del almacenamiento de datos ya no sea aplicable (por ejemplo, despu\u00e9s de que se haya procesado su solicitud). Las disposiciones legales obligatorias, en particular los plazos de conservaci\u00f3n, no se ver\u00e1n afectadas.<\/p>\n\n<h3 class=\"wp-block-heading\">Consulta por correo electr\u00f3nico, tel\u00e9fono o fax<\/h3>\n\n<p>Si se comunica con nosotros por correo electr\u00f3nico, tel\u00e9fono o fax, su consulta, incluidos todos los datos personales resultantes (nombre, consulta), ser\u00e1 almacenada y procesada por nosotros con el fin de procesar su solicitud. No transmitimos estos datos sin su consentimiento.<\/p>\n\n<p>Estos datos se procesan sobre la base del art\u00edculo 6 (1) (b) del RGPD si su solicitud est\u00e1 relacionada con el cumplimiento de un contrato o es necesaria para llevar a cabo medidas precontractuales. En todos los dem\u00e1s casos, el procesamiento se basa en nuestro inter\u00e9s leg\u00edtimo en el procesamiento efectivo de las consultas que nos dirigen (Art. 6 P\u00e1rr. 1 lit. f GDPR) o en su consentimiento (Art. 6 P\u00e1rr. 1 lit. a GDPR) si esto fue consultado.<\/p>\n\n<p>Los datos que nos envi\u00f3 a trav\u00e9s de solicitudes de contacto permanecer\u00e1n con nosotros hasta que solicite su eliminaci\u00f3n, revoque su consentimiento para el almacenamiento o el prop\u00f3sito del almacenamiento de datos ya no se aplique (por ejemplo, despu\u00e9s de que se haya procesado su solicitud). Las disposiciones legales obligatorias, en particular los plazos de conservaci\u00f3n legales, no se ver\u00e1n afectados.<\/p>\n\n<h2 class=\"wp-block-heading\">5. Complementos y herramientas<\/h2>\n\n<h3 class=\"wp-block-heading\">Fuentes web de Google<\/h3>\n\n<p>Este sitio utiliza las denominadas fuentes web proporcionadas por Google para una visualizaci\u00f3n uniforme de las fuentes. Cuando abre una p\u00e1gina, su navegador carga las fuentes web necesarias en la memoria cach\u00e9 de su navegador para mostrar el texto y las fuentes correctamente.<\/p>\n\n<p>Para ello, el navegador que est\u00e9 utilizando deber\u00e1 conectarse a los servidores de Google. Esto le da a Google conocimiento de que se accedi\u00f3 a este sitio web a trav\u00e9s de su direcci\u00f3n IP. Las Google WebFonts se utilizan seg\u00fan el art. 6 (1) (f) RGPD. El operador del sitio web tiene un inter\u00e9s leg\u00edtimo en que la tipograf\u00eda se presente uniformemente en su sitio web. Si se solicit\u00f3 el consentimiento correspondiente (por ejemplo, consentimiento para el almacenamiento de cookies), el procesamiento se realizar\u00e1 exclusivamente sobre la base del art\u00edculo 6, p\u00e1rrafo 1 lit. el consentimiento puede ser revocado en cualquier momento.<\/p>\n\n<p>Si su navegador no admite fuentes web, su computadora utilizar\u00e1 una fuente est\u00e1ndar.<\/p>\n\n<p class=\"translation-block\">Puede encontrar m\u00e1s informaci\u00f3n sobre Google Web Fonts en <a href=\"https:\/\/developers.google.com\/fonts\/faq\" target=\"_blank\" rel=\"noreferrer noopener\">https:\/\/developers.google.com\/fonts\/faq<\/a> y en la declaraci\u00f3n de protecci\u00f3n de datos de Google: <a href=\"https:\/\/policies.google.com\/privacy?hl=de\" target=\"_blank\" rel=\"noreferrer noopener\">https:\/\/policies.google.com\/privacy?hl=de<\/a> .<\/p>\n\n<h3 class=\"wp-block-heading\">mapas de Google<\/h3>\n\n<p>Este sitio utiliza el servicio de mapas de Google Maps a trav\u00e9s de una API. El proveedor es Google Ireland Limited (\u201cGoogle\u201d), Gordon House, Barrow Street, Dubl\u00edn 4, Irlanda.<\/p>\n\n<p>Para utilizar las funciones de Google Maps, es necesario guardar su direcci\u00f3n IP. Esta informaci\u00f3n normalmente se transmite a un servidor de Google en EE. UU. y se almacena all\u00ed. El proveedor de este sitio no tiene ninguna influencia sobre esta transferencia de datos.<\/p>\n\n<p>Google Maps se utiliza con el fin de ofrecer una presentaci\u00f3n atractiva de nuestras ofertas en l\u00ednea y para facilitar la b\u00fasqueda de los lugares que hemos indicado en el sitio web. Esto representa un inter\u00e9s leg\u00edtimo en el sentido del art\u00edculo 6, apartado 1, letra f del RGPD. Si se ha solicitado el consentimiento correspondiente, el procesamiento se realizar\u00e1 exclusivamente sobre la base del art\u00edculo 6, p\u00e1rrafo 1, letra a del RGPD; el consentimiento puede ser revocado en cualquier momento.<\/p>\n\n<p class=\"translation-block\">Puede encontrar m\u00e1s informaci\u00f3n sobre el tratamiento de los datos de los usuarios en la declaraci\u00f3n de protecci\u00f3n de datos de Google: <a href=\"https:\/\/policies.google.com\/privacy?hl=de\" target=\"_blank\" rel=\"noreferrer noopener\">https:\/\/policies.google.com\/privacy?hl=de<\/a> .<\/p>\n\t\t\t\t\t\t\t\t<\/div>\n\t\t\t\t<\/div>\n\t\t\t\t\t<\/div>\n\t\t<\/div>\n\t\t\t\t\t<\/div>\n\t\t<\/section>\n\t\t\t\t<\/div>","protected":false},"excerpt":{"rendered":"<p>Pol\u00edtica de privacidad 1. Privacidad de un vistazo Informaci\u00f3n general Las siguientes notas proporcionan una descripci\u00f3n general sencilla de lo que sucede con sus datos personales cuando visita este sitio web. Los datos personales son todos los datos con los que usted puede ser identificado personalmente. Puede encontrar informaci\u00f3n detallada sobre el tema de la protecci\u00f3n de datos en nuestra declaraci\u00f3n de protecci\u00f3n de datos enumerada [\u2026]<\/p>","protected":false},"author":2,"featured_media":0,"parent":0,"menu_order":0,"comment_status":"closed","ping_status":"open","template":"","meta":{"footnotes":""},"class_list":["post-3","page","type-page","status-publish","hentry"],"_links":{"self":[{"href":"https:\/\/demo.thsorganic.com\/es\/wp-json\/wp\/v2\/pages\/3","targetHints":{"allow":["GET"]}}],"collection":[{"href":"https:\/\/demo.thsorganic.com\/es\/wp-json\/wp\/v2\/pages"}],"about":[{"href":"https:\/\/demo.thsorganic.com\/es\/wp-json\/wp\/v2\/types\/page"}],"author":[{"embeddable":true,"href":"https:\/\/demo.thsorganic.com\/es\/wp-json\/wp\/v2\/users\/2"}],"replies":[{"embeddable":true,"href":"https:\/\/demo.thsorganic.com\/es\/wp-json\/wp\/v2\/comments?post=3"}],"version-history":[{"count":16,"href":"https:\/\/demo.thsorganic.com\/es\/wp-json\/wp\/v2\/pages\/3\/revisions"}],"predecessor-version":[{"id":1067,"href":"https:\/\/demo.thsorganic.com\/es\/wp-json\/wp\/v2\/pages\/3\/revisions\/1067"}],"wp:attachment":[{"href":"https:\/\/demo.thsorganic.com\/es\/wp-json\/wp\/v2\/media?parent=3"}],"curies":[{"name":"gracias","href":"https:\/\/api.w.org\/{rel}","templated":true}]}}