{"id":190,"date":"2022-12-21T16:45:51","date_gmt":"2022-12-21T16:45:51","guid":{"rendered":"https:\/\/demo.thsorganic.com\/?post_type=product&#038;p=190"},"modified":"2025-12-12T22:18:23","modified_gmt":"2025-12-12T22:18:23","slug":"lifeskin","status":"publish","type":"product","link":"https:\/\/demo.thsorganic.com\/de\/produkt\/lifeskin\/","title":{"rendered":"Lifeskin"},"content":{"rendered":"<p><strong>ORGANISCHE HAUTPFLEGEL\u00d6SUNG AUS 100% NAT\u00dcRLICHEN INHALTSSTOFFEN<\/strong><\/p>\n<p>Eine verj\u00fcngende Hautbehandlung mit Anti-Aging-Effekt. Sie regt die Kollagen- und Elastinfasern an, um der Haut Helligkeit, Weichheit und Feuchtigkeit zu verleihen.<\/p>\n<p class=\"translation-block\">Empfohlen zur Bek\u00e4mpfung von <b>Akne, Rosacea, Follikulitis<\/b> und <b>Gesichtsunreinheiten<\/b>.<\/p>\n<p>Dank der ausgezeichneten Eigenschaften von Honig und Pflanzenextrakten gew\u00e4hrleistet diese Maske das Eindringen des Wirkstoffs in die Haut ohne Nebenwirkungen.<\/p>\n<p><strong>100% SICHER F\u00dcR ALLE HAUTTYPEN.<\/strong><\/p>\n<p class=\"lifeskin__lastp\"><strong>EINE SCHACHTEL ENTH\u00c4LT 15 KLEINE PORTIONSBEUTEL MIT JE 7 G UND REICHT F\u00dcR 30 TAGE BEHANDLUNG.<\/strong><\/p>","protected":false},"excerpt":{"rendered":"<p><span style=\"color: #ff6600;\"><strong>WERDEN SIE AKNE UND HAUTFLECKEN DAUERHAFT LOS!<\/strong><\/span><\/p>\n<p><span style=\"color: #ff6600;\"><strong>Unsere Hautpflegebehandlung besteht ausschlie\u00dflich aus nat\u00fcrlichen Inhaltsstoffen und ist daher vollst\u00e4ndig organisch.<\/strong><\/span><\/p>\n<p class=\"translation-block\"><strong>LifeSkin\u00ae<\/strong> ist eine organische Maske, die zu <strong>100% aus nat\u00fcrlichen Inhaltsstoffen<\/strong> besteht und dazu beitr\u00e4gt, jeden Hauttyp - trockene, sensible, normale oder Mischhaut - zu n\u00e4hren und zu straffen.<br>\nDank ihrer <strong>nat\u00fcrlichen antibiotischen Wirkung<\/strong> hilft Ihnen die LifeSkin\u00ae-Maske, Probleme wie:<\/p>\n<p class=\"translation-block\"><strong>AKNE, ROSAZEA, FOLLICULITIS, SONNENBRAND<\/strong> und <strong>HAUTFLECKEN<\/strong> loszuwerden.<br>\nSie liefert die notwendigen Vitamine, um die Elastizit\u00e4t und Leuchtkraft der Haut zu erh\u00f6hen und eine effektive und belebende Verj\u00fcngung zu erzielen.<br>\n<strong>100% sicher f\u00fcr alle Hauttypen.<\/strong><\/p>","protected":false},"featured_media":702,"comment_status":"open","ping_status":"closed","template":"","meta":[],"product_brand":[],"product_cat":[21],"product_tag":[26],"class_list":{"0":"post-190","1":"product","2":"type-product","3":"status-publish","4":"has-post-thumbnail","6":"product_cat-ths-organic","7":"product_tag-lifeskin","9":"first","10":"instock","11":"sale","12":"taxable","13":"shipping-taxable","14":"purchasable","15":"product-type-simple"},"_links":{"self":[{"href":"https:\/\/demo.thsorganic.com\/de\/wp-json\/wp\/v2\/product\/190","targetHints":{"allow":["GET"]}}],"collection":[{"href":"https:\/\/demo.thsorganic.com\/de\/wp-json\/wp\/v2\/product"}],"about":[{"href":"https:\/\/demo.thsorganic.com\/de\/wp-json\/wp\/v2\/types\/product"}],"replies":[{"embeddable":true,"href":"https:\/\/demo.thsorganic.com\/de\/wp-json\/wp\/v2\/comments?post=190"}],"wp:featuredmedia":[{"embeddable":true,"href":"https:\/\/demo.thsorganic.com\/de\/wp-json\/wp\/v2\/media\/702"}],"wp:attachment":[{"href":"https:\/\/demo.thsorganic.com\/de\/wp-json\/wp\/v2\/media?parent=190"}],"wp:term":[{"taxonomy":"product_brand","embeddable":true,"href":"https:\/\/demo.thsorganic.com\/de\/wp-json\/wp\/v2\/product_brand?post=190"},{"taxonomy":"product_cat","embeddable":true,"href":"https:\/\/demo.thsorganic.com\/de\/wp-json\/wp\/v2\/product_cat?post=190"},{"taxonomy":"product_tag","embeddable":true,"href":"https:\/\/demo.thsorganic.com\/de\/wp-json\/wp\/v2\/product_tag?post=190"}],"curies":[{"name":"wp","href":"https:\/\/api.w.org\/{rel}","templated":true}]}}