{"id":189,"date":"2022-12-21T16:45:16","date_gmt":"2022-12-21T16:45:16","guid":{"rendered":"https:\/\/demo.thsorganic.com\/?post_type=product&#038;p=189"},"modified":"2025-12-12T22:19:39","modified_gmt":"2025-12-12T22:19:39","slug":"newhair","status":"publish","type":"product","link":"https:\/\/demo.thsorganic.com\/de\/produkt\/newhair\/","title":{"rendered":"Newhair"},"content":{"rendered":"<p><strong>BIOLOGISCHE L\u00d6SUNG F\u00dcR DIE GESUNDHEIT DER HAARE, BASIEREND AUF EINEM ANTIKEN REZEPT, AUS 100% NAT\u00dcRLICHEN INHALTSSTOFFEN!<\/strong><\/p>\n<p class=\"translation-block\">Empfohlen bei <b>Haarausfall, Haarausfall, Psoriasis, Follikulitis und Schuppen<\/b>. Regeneriert das Haar auch nach Chemotherapie.<\/p>\n<p>Dank der ausgezeichneten Eigenschaften von Honig und Pflanzenextrakten gew\u00e4hrleistet diese Maske das Eindringen des Wirkstoffs in die Haut ohne Nebenwirkungen.<\/p>\n<p>Ein Beh\u00e4lter reicht f\u00fcr 30 Tage Behandlung.<\/p>\n<p><strong>EIN WAHRHAFT REVOLUTION\u00c4RES HAUTPFLEGEPRODUKT F\u00dcR SIE!<\/strong><\/p>\n<p class=\"newhair__lastp\"><strong>NUR NAT\u00dcRLICHE INHALTSSTOFFE AUS SORGF\u00c4LTIG AUSGEW\u00c4HLTEN QUELLEN, SORGF\u00c4LTIG VERARBEITET UND VERPACKT MIT EINEM REZEPT, DAS WIR GEHEIM HALTEN - ALLES, UM DIE HAUT WIEDERZUERWECKEN!<\/strong><\/p>","protected":false},"excerpt":{"rendered":"<p class=\"translation-block\"><strong><em>NewHair\u00ae Natural<\/em><\/strong> ist eine nat\u00fcrliche Behandlung zur <strong>Regeneration und F\u00f6rderung des Haarwachstums<\/strong> f\u00fcr <strong>Frauen und M\u00e4nner<\/strong>. Es regeneriert das Haar von der Wurzel aus. Diese <strong>100% nat\u00fcrliche<\/strong> Behandlung basiert auf <strong>organischen Quellen<\/strong>.<\/p>\n<p class=\"translation-block\">NewHair\u00ae hilft bei der Behandlung folgender <strong>Haar- und Kopfhautprobleme<\/strong>:<br>\n<span style=\"color: #ff6600\"><strong>ALOPECIA, HAARAUSFALL, SCHUPPENFLECHTE, FOLLICULITIS UND \u00dcBERM\u00c4\u00dfIGE SCHUPPENBILDUNG.<\/strong><\/span><\/p>\n<p class=\"translation-block\">Dank seines rein organischen Inhalts, basierend auf Bienenprodukten und Kr\u00e4utern, verursacht <strong>NewHair\u00ae<\/strong> keine sch\u00e4dlichen Nebenwirkungen w\u00e4hrend oder nach der Anwendung.<\/p>","protected":false},"featured_media":703,"comment_status":"open","ping_status":"closed","template":"","meta":[],"product_brand":[],"product_cat":[21],"product_tag":[25],"class_list":{"0":"post-189","1":"product","2":"type-product","3":"status-publish","4":"has-post-thumbnail","6":"product_cat-ths-organic","7":"product_tag-newhair","9":"first","10":"instock","11":"sale","12":"taxable","13":"shipping-taxable","14":"purchasable","15":"product-type-simple"},"_links":{"self":[{"href":"https:\/\/demo.thsorganic.com\/de\/wp-json\/wp\/v2\/product\/189","targetHints":{"allow":["GET"]}}],"collection":[{"href":"https:\/\/demo.thsorganic.com\/de\/wp-json\/wp\/v2\/product"}],"about":[{"href":"https:\/\/demo.thsorganic.com\/de\/wp-json\/wp\/v2\/types\/product"}],"replies":[{"embeddable":true,"href":"https:\/\/demo.thsorganic.com\/de\/wp-json\/wp\/v2\/comments?post=189"}],"wp:featuredmedia":[{"embeddable":true,"href":"https:\/\/demo.thsorganic.com\/de\/wp-json\/wp\/v2\/media\/703"}],"wp:attachment":[{"href":"https:\/\/demo.thsorganic.com\/de\/wp-json\/wp\/v2\/media?parent=189"}],"wp:term":[{"taxonomy":"product_brand","embeddable":true,"href":"https:\/\/demo.thsorganic.com\/de\/wp-json\/wp\/v2\/product_brand?post=189"},{"taxonomy":"product_cat","embeddable":true,"href":"https:\/\/demo.thsorganic.com\/de\/wp-json\/wp\/v2\/product_cat?post=189"},{"taxonomy":"product_tag","embeddable":true,"href":"https:\/\/demo.thsorganic.com\/de\/wp-json\/wp\/v2\/product_tag?post=189"}],"curies":[{"name":"wp","href":"https:\/\/api.w.org\/{rel}","templated":true}]}}