{"id":188,"date":"2022-12-21T16:41:35","date_gmt":"2022-12-21T16:41:35","guid":{"rendered":"https:\/\/demo.thsorganic.com\/product\/hoodie-with-logo\/"},"modified":"2025-12-12T22:20:17","modified_gmt":"2025-12-12T22:20:17","slug":"immunity-gold","status":"publish","type":"product","link":"https:\/\/demo.thsorganic.com\/de\/produkt\/immunity-gold\/","title":{"rendered":"Immunity Gold"},"content":{"rendered":"<p class=\"translation-block\"><strong>Immunity Gold<em>\u00ae<\/em><\/strong>\u00a0ist ein nat\u00fcrliches Produkt, das dazu beitr\u00e4gt, das Immunsystem zu st\u00e4rken.<\/p>\n<p>Das Produkt wird in 30 kleinen Portionsbeuteln zu je 10 g geliefert.<\/p>\n<p><strong>EINE PORTION ODER ZWEI AM TAG. \u00dcBERSCHREITEN SIE NICHT DIE EMPFOHLENE TAGESDOSIS!<\/strong><\/p>\n<p>Immunity Gold\u00ae bietet folgende Vorteile:<\/p>\n<p>\u2705 Entz\u00fcndungshemmende und antibakterielle Eigenschaften, die das Immunsystem st\u00e4rken.<\/p>\n<p>\u2705 Die Kombination aus Kurkuma und Honig bek\u00e4mpft freie Radikale und die mit vorzeitiger Hautalterung verbundenen Auswirkungen.<\/p>\n<p>\u2705 Hilft dabei, Ihr Gehirn zu sch\u00fctzen und das Demenzrisiko zu reduzieren.<\/p>\n<p>\u2705 Hilft bei der Beseitigung von Toxinen.<\/p>\n<p>\u2705 Hilft bei der Herzschutz und Verdauungsf\u00f6rderung.<\/p>\n<p>\u2705 Hilft bei der Linderung von Symptomen von Grippe, Erk\u00e4ltung und anderen Atemwegserkrankungen.<\/p>\n<p>\u2705 Hat antimykotische Eigenschaften.<\/p>\n<p>\u2705 Hat antioxidative Eigenschaften.<\/p>","protected":false},"excerpt":{"rendered":"<p><span style=\"color: #ff6600;\"><strong>IMMUNITY GOLD\u00ae BESTEHT VOLLST\u00c4NDIG AUS NAT\u00dcRLICHEN INHALTSSTOFFEN UND IST ENTWICKELT, UM DAS IMMUNSYSTEM DES K\u00d6RPERS ZU ST\u00c4RKEN.<\/strong><\/span><\/p>\n<p>Immunity Gold ist ein nat\u00fcrliches Produkt, das dazu beitr\u00e4gt, das Immunsystem zu st\u00e4rken. Es besitzt entz\u00fcndungshemmende und antibakterielle Eigenschaften, die das Immunsystem st\u00e4rken.<\/p>\n<p class=\"translation-block\">Durch die <strong>Senkung des Cholesterinspiegels<\/strong>, die <strong>Verbesserung der Verdauung<\/strong> und die <strong>Linderung von Symptomen<\/strong> im Zusammenhang mit <strong>Grippe<\/strong>, <strong>Erk\u00e4ltungen<\/strong> und <strong>Atemwegserkrankungen<\/strong> zielt dieses Produkt darauf ab, ein <strong>ges\u00fcnderes Herz<\/strong> zu f\u00f6rdern.<\/p>","protected":false},"featured_media":701,"comment_status":"open","ping_status":"closed","template":"","meta":[],"product_brand":[],"product_cat":[21],"product_tag":[24],"class_list":{"0":"post-188","1":"product","2":"type-product","3":"status-publish","4":"has-post-thumbnail","6":"product_cat-ths-organic","7":"product_tag-immunity","9":"first","10":"instock","11":"sale","12":"taxable","13":"shipping-taxable","14":"purchasable","15":"product-type-simple"},"_links":{"self":[{"href":"https:\/\/demo.thsorganic.com\/de\/wp-json\/wp\/v2\/product\/188","targetHints":{"allow":["GET"]}}],"collection":[{"href":"https:\/\/demo.thsorganic.com\/de\/wp-json\/wp\/v2\/product"}],"about":[{"href":"https:\/\/demo.thsorganic.com\/de\/wp-json\/wp\/v2\/types\/product"}],"replies":[{"embeddable":true,"href":"https:\/\/demo.thsorganic.com\/de\/wp-json\/wp\/v2\/comments?post=188"}],"wp:featuredmedia":[{"embeddable":true,"href":"https:\/\/demo.thsorganic.com\/de\/wp-json\/wp\/v2\/media\/701"}],"wp:attachment":[{"href":"https:\/\/demo.thsorganic.com\/de\/wp-json\/wp\/v2\/media?parent=188"}],"wp:term":[{"taxonomy":"product_brand","embeddable":true,"href":"https:\/\/demo.thsorganic.com\/de\/wp-json\/wp\/v2\/product_brand?post=188"},{"taxonomy":"product_cat","embeddable":true,"href":"https:\/\/demo.thsorganic.com\/de\/wp-json\/wp\/v2\/product_cat?post=188"},{"taxonomy":"product_tag","embeddable":true,"href":"https:\/\/demo.thsorganic.com\/de\/wp-json\/wp\/v2\/product_tag?post=188"}],"curies":[{"name":"wp","href":"https:\/\/api.w.org\/{rel}","templated":true}]}}