{"id":190,"date":"2022-12-21T16:45:51","date_gmt":"2022-12-21T16:45:51","guid":{"rendered":"https:\/\/demo.thsorganic.com\/?post_type=product&#038;p=190"},"modified":"2025-12-12T22:18:23","modified_gmt":"2025-12-12T22:18:23","slug":"lifeskin","status":"publish","type":"product","link":"https:\/\/demo.thsorganic.com\/da\/vare\/lifeskin\/","title":{"rendered":"Lifeskin"},"content":{"rendered":"<p><strong>\u00d8KOLOGISK HUDPLEJE L\u00d8SNING LAVET MED 100% NATURLIGE INGREDIENSER<\/strong><\/p>\n<p>Foryngende hudbehandling med anti-aging effekt. Den stimulerer kollagen- og elastinfibre for at give huden lyshed, bl\u00f8dhed og fugt.<\/p>\n<p class=\"translation-block\">Anbefales til bek\u00e6mpelse af <b>acne<\/b> , <b>rosacea<\/b> , <b>folliculitis<\/b> og <b>pletter i ansigtet<\/b> .<\/p>\n<p>Takket v\u00e6re de fremragende egenskaber ved honning og planteekstrakter sikrer denne maske hudens indtr\u00e6ngning af den aktive ingrediens uden bivirkninger.<\/p>\n<p><strong>100% SIKKER TIL ALLE HUDTYPER.<\/strong><\/p>\n<p class=\"lifeskin__lastp\"><strong>\u00c9N \u00c6SKE INDEHOLDER 15 SM\u00c5 PORTIONSPOSER A 7 g. OG ER TILSTR\u00c6KKELIG TIL 30 DAGES BEHANDLING.<\/strong><\/p>","protected":false},"excerpt":{"rendered":"<p><span style=\"color: #ff6600;\"><strong>SLIP PERMANENT MED AKNE OG HUDPLETER!<\/strong><\/span><\/p>\n<p><span style=\"color: #ff6600;\"><strong>Vores hudplejebehandling er udelukkende lavet af naturlige ingredienser, hvilket sikrer, at den er helt \u00f8kologisk.<\/strong><\/span><\/p>\n<p class=\"translation-block\"><strong>LifeSkin\u00ae<\/strong> er en \u00f8kologisk maske, der best\u00e5r af <strong>100% naturlige ingredienser<\/strong> , der hj\u00e6lper med <strong>at n\u00e6re og tone enhver form for t\u00f8r, f\u00f8lsom, normal<\/strong> eller <strong>blandet hud<\/strong> .<br> Med sin <strong>naturlige antibiotiske effekt<\/strong> vil LifeSkin\u00ae-masken hj\u00e6lpe dig <strong>af med problemer<\/strong> som:<\/p>\n<p class=\"translation-block\"><strong>ACNE, ROSACEA, FOLLICULITTIS, SOLSK\u00c6RDE<\/strong> OG <strong>HUDSPLETER.<br><\/strong> Giver de n\u00f8dvendige vitaminer til at \u00f8ge hudens elasticitet og lyshed for en effektiv og energigivende foryngelse.<br> <strong>100% sikker til alle hudtyper.<\/strong><\/p>","protected":false},"featured_media":702,"comment_status":"open","ping_status":"closed","template":"","meta":[],"product_brand":[],"product_cat":[21],"product_tag":[26],"class_list":{"0":"post-190","1":"product","2":"type-product","3":"status-publish","4":"has-post-thumbnail","6":"product_cat-ths-organic","7":"product_tag-lifeskin","9":"first","10":"instock","11":"sale","12":"taxable","13":"shipping-taxable","14":"purchasable","15":"product-type-simple"},"_links":{"self":[{"href":"https:\/\/demo.thsorganic.com\/da\/wp-json\/wp\/v2\/product\/190","targetHints":{"allow":["GET"]}}],"collection":[{"href":"https:\/\/demo.thsorganic.com\/da\/wp-json\/wp\/v2\/product"}],"about":[{"href":"https:\/\/demo.thsorganic.com\/da\/wp-json\/wp\/v2\/types\/product"}],"replies":[{"embeddable":true,"href":"https:\/\/demo.thsorganic.com\/da\/wp-json\/wp\/v2\/comments?post=190"}],"wp:featuredmedia":[{"embeddable":true,"href":"https:\/\/demo.thsorganic.com\/da\/wp-json\/wp\/v2\/media\/702"}],"wp:attachment":[{"href":"https:\/\/demo.thsorganic.com\/da\/wp-json\/wp\/v2\/media?parent=190"}],"wp:term":[{"taxonomy":"product_brand","embeddable":true,"href":"https:\/\/demo.thsorganic.com\/da\/wp-json\/wp\/v2\/product_brand?post=190"},{"taxonomy":"product_cat","embeddable":true,"href":"https:\/\/demo.thsorganic.com\/da\/wp-json\/wp\/v2\/product_cat?post=190"},{"taxonomy":"product_tag","embeddable":true,"href":"https:\/\/demo.thsorganic.com\/da\/wp-json\/wp\/v2\/product_tag?post=190"}],"curies":[{"name":"wp","href":"https:\/\/api.w.org\/{rel}","templated":true}]}}