{"id":189,"date":"2022-12-21T16:45:16","date_gmt":"2022-12-21T16:45:16","guid":{"rendered":"https:\/\/demo.thsorganic.com\/?post_type=product&#038;p=189"},"modified":"2025-12-12T22:19:39","modified_gmt":"2025-12-12T22:19:39","slug":"newhair","status":"publish","type":"product","link":"https:\/\/demo.thsorganic.com\/da\/vare\/newhair\/","title":{"rendered":"Newhair"},"content":{"rendered":"<p><strong>\u00d8KOLOGISK L\u00d8SNING TIL H\u00c5RSUNDHED, BASERT P\u00c5 EN GAMMEL OPSKRIFT, LAVET AF 100% NATURLIGE INGREDIENSER!<\/strong><\/p>\n<p class=\"translation-block\">Indiceret til <b>skaldethed<\/b> , <b>h\u00e5rtab<\/b> , <b>psoriasis<\/b> , <b>folliculitis og sk\u00e6l<\/b> . Regenererer h\u00e5ret selv efter kemoterapi.<\/p>\n<p>Takket v\u00e6re de fremragende egenskaber ved honning og planteekstrakter sikrer denne maske hudens indtr\u00e6ngning af den aktive ingrediens uden bivirkninger.<\/p>\n<p>En beholder er tilstr\u00e6kkelig til 30 dages behandling.<\/p>\n<p><strong>ET \u00c6GTE OG REVOLUTION\u00c6R HUDPLEJEPRODUKT TIL DIG!<\/strong><\/p>\n<p class=\"newhair__lastp\"><strong>KUN NATURLIGE INGREDIENSER FRA H\u00c5NDUDVALGTE KILDER, OMSIGTIG FORARBEJDET OG PAKET MED EN OPSKRIFT, SOM VI VIL HOLDE HEMMELIGT \u2013 ALT FOR AT GENOPLEVE HUDEN!<\/strong><\/p>","protected":false},"excerpt":{"rendered":"<p class=\"translation-block\"><strong><em>NewHair\u00ae Natural<\/em><\/strong> , <strong>h\u00e5rregenererings- og v\u00e6kstbehandling<\/strong> til <strong>kvinder og m\u00e6nd<\/strong> . Regenererer h\u00e5ret fra dets rod. <strong>100% naturlig<\/strong> behandling fra <strong>organiske kilder.<\/strong><\/p>\n<p class=\"translation-block\">Hj\u00e6lper med at behandle f\u00f8lgende <strong>h\u00e5r- og hovedbundslidelser<\/strong> :<br> <span style=\"color: #ff6600\"><strong>ALOPECY, H\u00c5RTAB, PSORIASIS, FOLLICULITIS OG OVERDRAGENDE sk\u00e6l.<\/strong><\/span><\/p>\n<p class=\"translation-block\">P\u00e5 grund af dets rent organiske indhold, baseret p\u00e5 biprodukter og urter, for\u00e5rsager <strong>NewHair\u00ae<\/strong> ikke skadelige virkninger under eller efter brug.<\/p>","protected":false},"featured_media":703,"comment_status":"open","ping_status":"closed","template":"","meta":[],"product_brand":[],"product_cat":[21],"product_tag":[25],"class_list":{"0":"post-189","1":"product","2":"type-product","3":"status-publish","4":"has-post-thumbnail","6":"product_cat-ths-organic","7":"product_tag-newhair","9":"first","10":"instock","11":"sale","12":"taxable","13":"shipping-taxable","14":"purchasable","15":"product-type-simple"},"_links":{"self":[{"href":"https:\/\/demo.thsorganic.com\/da\/wp-json\/wp\/v2\/product\/189","targetHints":{"allow":["GET"]}}],"collection":[{"href":"https:\/\/demo.thsorganic.com\/da\/wp-json\/wp\/v2\/product"}],"about":[{"href":"https:\/\/demo.thsorganic.com\/da\/wp-json\/wp\/v2\/types\/product"}],"replies":[{"embeddable":true,"href":"https:\/\/demo.thsorganic.com\/da\/wp-json\/wp\/v2\/comments?post=189"}],"wp:featuredmedia":[{"embeddable":true,"href":"https:\/\/demo.thsorganic.com\/da\/wp-json\/wp\/v2\/media\/703"}],"wp:attachment":[{"href":"https:\/\/demo.thsorganic.com\/da\/wp-json\/wp\/v2\/media?parent=189"}],"wp:term":[{"taxonomy":"product_brand","embeddable":true,"href":"https:\/\/demo.thsorganic.com\/da\/wp-json\/wp\/v2\/product_brand?post=189"},{"taxonomy":"product_cat","embeddable":true,"href":"https:\/\/demo.thsorganic.com\/da\/wp-json\/wp\/v2\/product_cat?post=189"},{"taxonomy":"product_tag","embeddable":true,"href":"https:\/\/demo.thsorganic.com\/da\/wp-json\/wp\/v2\/product_tag?post=189"}],"curies":[{"name":"wp","href":"https:\/\/api.w.org\/{rel}","templated":true}]}}