{"id":188,"date":"2022-12-21T16:41:35","date_gmt":"2022-12-21T16:41:35","guid":{"rendered":"https:\/\/demo.thsorganic.com\/product\/hoodie-with-logo\/"},"modified":"2025-12-12T22:20:17","modified_gmt":"2025-12-12T22:20:17","slug":"immunity-gold","status":"publish","type":"product","link":"https:\/\/demo.thsorganic.com\/da\/vare\/immunity-gold\/","title":{"rendered":"Immunity Gold"},"content":{"rendered":"<p class=\"translation-block\"><strong>Immunity Gold <em>\u00ae<\/em><\/strong> er et naturligt produkt, der hj\u00e6lper med at styrke immunforsvaret.<\/p>\n<p>Produktet leveres i 30 sm\u00e5 portionsposer \u00e1 10g hver.<\/p>\n<p><strong>EN PORTION ELLER TO om dagen. OVERSKRIV IKKE DEN ANBEFALEDE DOSIS TIL DAGLIG FORBRUG!<\/strong><\/p>\n<p>Immunity Gold\u00ae har f\u00f8lgende fordele:<\/p>\n<p>\u2705 Anti-inflammatoriske og antibakterielle egenskaber, der styrker immunforsvaret.<\/p>\n<p>\u2705 Kombinationen af gurkemeje og honning bek\u00e6mper frie radikaler og virkningerne forbundet med for tidlig aldring.<\/p>\n<p>\u2705 Hj\u00e6lper med at beskytte din hjerne og reducerer risikoen for demens.<\/p>\n<p>\u2705 Hj\u00e6lper med at fjerne toksiner.<\/p>\n<p>\u2705 Hj\u00e6lper med at beskytte hjertet og hj\u00e6lper ford\u00f8jelsen.<\/p>\n<p>\u2705 Hj\u00e6lper med at lindre symptomerne p\u00e5 influenza, fork\u00f8lelse og andre luftvejssygdomme.<\/p>\n<p>\u2705 Har svampedr\u00e6bende egenskaber.<\/p>\n<p>\u2705 Har antioxidante egenskaber.<\/p>","protected":false},"excerpt":{"rendered":"<p><span style=\"color: #ff6600;\"><strong>IMMUNITY GOLD\u00ae ER HELT SAMLET AF NATURLIGE INGREDIENSER OG ER DESIGNET TIL AT FORBEDRE KROPPENS IMMUNSYSTEM.<\/strong><\/span><\/p>\n<p>Immunity Gold er et naturligt produkt, der hj\u00e6lper med at styrke immunsystemet. Det har anti-inflammatoriske og antibakterielle egenskaber, der styrker immunforsvaret.<\/p>\n<p class=\"translation-block\">Ved <strong>at reducere kolesterolniveauet<\/strong> , <strong>forbedre ford\u00f8jelsen<\/strong> og <strong>lindre symptomer<\/strong> forbundet med <strong>influenza<\/strong> , <strong>fork\u00f8lelse<\/strong> og <strong>luftvejslidelser<\/strong> , har dette produkt til form\u00e5l at fremme <strong>et sundere hjerte<\/strong> .<\/p>","protected":false},"featured_media":701,"comment_status":"open","ping_status":"closed","template":"","meta":[],"product_brand":[],"product_cat":[21],"product_tag":[24],"class_list":{"0":"post-188","1":"product","2":"type-product","3":"status-publish","4":"has-post-thumbnail","6":"product_cat-ths-organic","7":"product_tag-immunity","9":"first","10":"instock","11":"sale","12":"taxable","13":"shipping-taxable","14":"purchasable","15":"product-type-simple"},"_links":{"self":[{"href":"https:\/\/demo.thsorganic.com\/da\/wp-json\/wp\/v2\/product\/188","targetHints":{"allow":["GET"]}}],"collection":[{"href":"https:\/\/demo.thsorganic.com\/da\/wp-json\/wp\/v2\/product"}],"about":[{"href":"https:\/\/demo.thsorganic.com\/da\/wp-json\/wp\/v2\/types\/product"}],"replies":[{"embeddable":true,"href":"https:\/\/demo.thsorganic.com\/da\/wp-json\/wp\/v2\/comments?post=188"}],"wp:featuredmedia":[{"embeddable":true,"href":"https:\/\/demo.thsorganic.com\/da\/wp-json\/wp\/v2\/media\/701"}],"wp:attachment":[{"href":"https:\/\/demo.thsorganic.com\/da\/wp-json\/wp\/v2\/media?parent=188"}],"wp:term":[{"taxonomy":"product_brand","embeddable":true,"href":"https:\/\/demo.thsorganic.com\/da\/wp-json\/wp\/v2\/product_brand?post=188"},{"taxonomy":"product_cat","embeddable":true,"href":"https:\/\/demo.thsorganic.com\/da\/wp-json\/wp\/v2\/product_cat?post=188"},{"taxonomy":"product_tag","embeddable":true,"href":"https:\/\/demo.thsorganic.com\/da\/wp-json\/wp\/v2\/product_tag?post=188"}],"curies":[{"name":"wp","href":"https:\/\/api.w.org\/{rel}","templated":true}]}}