{"id":3,"date":"2022-12-12T17:12:09","date_gmt":"2022-12-12T17:12:09","guid":{"rendered":"https:\/\/demo.thsorganic.com\/?page_id=3"},"modified":"2023-06-19T13:30:36","modified_gmt":"2023-06-19T13:30:36","slug":"privacy-policy","status":"publish","type":"page","link":"https:\/\/demo.thsorganic.com\/da\/privacy-policy\/","title":{"rendered":"Fortrolighedspolitik"},"content":{"rendered":"<div data-elementor-type=\"wp-page\" data-elementor-id=\"3\" class=\"elementor elementor-3\" data-elementor-post-type=\"page\">\n\t\t\t\t\t\t<section class=\"elementor-section elementor-top-section elementor-element elementor-element-381f0497 elementor-section-boxed elementor-section-height-default elementor-section-height-default\" data-id=\"381f0497\" data-element_type=\"section\">\n\t\t\t\t\t\t<div class=\"elementor-container elementor-column-gap-default\">\n\t\t\t\t\t<div class=\"elementor-column elementor-col-100 elementor-top-column elementor-element elementor-element-33ed97bf\" data-id=\"33ed97bf\" data-element_type=\"column\">\n\t\t\t<div class=\"elementor-widget-wrap elementor-element-populated\">\n\t\t\t\t\t\t<div class=\"elementor-element elementor-element-e016125 elementor-widget elementor-widget-heading\" data-id=\"e016125\" data-element_type=\"widget\" data-widget_type=\"heading.default\">\n\t\t\t\t<div class=\"elementor-widget-container\">\n\t\t\t\t\t<h1 class=\"elementor-heading-title elementor-size-default\">Fortrolighedspolitik<\/h1>\t\t\t\t<\/div>\n\t\t\t\t<\/div>\n\t\t\t\t<div class=\"elementor-element elementor-element-5ebf56c9 elementor-widget elementor-widget-text-editor\" data-id=\"5ebf56c9\" data-element_type=\"widget\" data-widget_type=\"text-editor.default\">\n\t\t\t\t<div class=\"elementor-widget-container\">\n\t\t\t\t\t\t\t\t\t\n<h2 class=\"wp-block-heading\">1. Privatliv p\u00e5 et \u00f8jeblik<\/h2>\n\n<h3 class=\"wp-block-heading\">Generel information<\/h3>\n\n<p>F\u00f8lgende noter giver et simpelt overblik over, hvad der sker med dine personlige data, n\u00e5r du bes\u00f8ger denne hjemmeside. Persondata er alle data, som du kan blive personligt identificeret med. Detaljerede oplysninger om emnet databeskyttelse kan findes i vores databeskyttelseserkl\u00e6ring, der er anf\u00f8rt under denne tekst.<\/p>\n\n<h3 class=\"wp-block-heading\">Dataindsamling p\u00e5 denne hjemmeside<\/h3>\n\n<p><strong>Hvem er ansvarlig for dataindsamlingen p\u00e5 denne hjemmeside?<\/strong><\/p>\n\n<p>Databehandlingen p\u00e5 denne hjemmeside udf\u00f8res af hjemmesidens operat\u00f8r. Du kan finde deres kontaktoplysninger p\u00e5 forlaget p\u00e5 denne hjemmeside.<\/p>\n\n<p><strong>Hvordan indsamler vi dine data?<\/strong><\/p>\n\n<p>P\u00e5 den ene side indsamles dine data, n\u00e5r du kommunikerer dem til os. Dette kan v\u00e6re z. B. v\u00e6re data, som du indtaster i en kontaktformular.<\/p>\n\n<p>Andre data indsamles automatisk eller med dit samtykke af vores IT-systemer, n\u00e5r du bes\u00f8ger hjemmesiden. Dette er prim\u00e6rt tekniske data (f.eks. internetbrowser, operativsystem eller tidspunkt for sidevisningen). Disse data indsamles automatisk, s\u00e5 snart du g\u00e5r ind p\u00e5 denne hjemmeside.<\/p>\n\n<p><strong>Hvad bruger vi dine data til?<\/strong><\/p>\n\n<p>En del af dataene indsamles for at sikre, at hjemmesiden leveres uden fejl. Andre data kan bruges til at analysere din brugeradf\u00e6rd.<\/p>\n\n<p><strong>Hvilke rettigheder har du vedr\u00f8rende dine data?<\/strong><\/p>\n\n<p>Du har til enhver tid ret til gratis at modtage information om oprindelse, modtager og form\u00e5l med dine gemte persondata. Du har ogs\u00e5 ret til at anmode om rettelse eller sletning af disse data. Hvis du har givet dit samtykke til databehandling, kan du til enhver tid tilbagekalde dette samtykke for fremtiden. Du har ogs\u00e5 ret til under visse omst\u00e6ndigheder at anmode om, at behandlingen af dine personoplysninger begr\u00e6nses. Du har ogs\u00e5 ret til at indgive en klage til den kompetente tilsynsmyndighed.<\/p>\n\n<p>Du kan til enhver tid kontakte os p\u00e5 den adresse, der er angivet i forlaget, hvis du har yderligere sp\u00f8rgsm\u00e5l om emnet databeskyttelse.<\/p>\n\n<h3 class=\"wp-block-heading\">Analysev\u00e6rkt\u00f8jer og tredjepartsv\u00e6rkt\u00f8jer<\/h3>\n\n<p>N\u00e5r du bes\u00f8ger denne hjemmeside, kan din surfeadf\u00e6rd evalueres statistisk. Dette g\u00f8res hovedsageligt med s\u00e5kaldte analyseprogrammer.<\/p>\n\n<p>Detaljerede oplysninger om disse analyseprogrammer kan findes i den f\u00f8lgende databeskyttelseserkl\u00e6ring.<\/p>\n\n<h2 class=\"wp-block-heading\">2. Hosting og Content Delivery Networks (CDN)<\/h2>\n\n<h3 class=\"wp-block-heading\">Ekstern hosting<\/h3>\n\n<p>Denne hjemmeside er hostet af en ekstern tjenesteudbyder (hoster). De personlige data, der indsamles p\u00e5 denne hjemmeside, gemmes p\u00e5 v\u00e6rtens servere. Det kan prim\u00e6rt v\u00e6re IP-adresser, kontaktanmodninger, meta- og kommunikationsdata, kontraktdata, kontaktdata, navne, hjemmesideadgang og andre data genereret via en hjemmeside.<\/p>\n\n<p>Hosteren bruges med det form\u00e5l at opfylde kontrakten med vores potentielle og eksisterende kunder (Art. 6, stk. 1 lit. b DSGVO) og i interessen for en sikker, hurtig og effektiv levering af vores online tilbud af en professionel udbyder ( artikel 6, stk. 1 litra f GDPR).<\/p>\n\n<p>Vores hoster vil kun behandle dine data i det omfang, det er n\u00f8dvendigt for at opfylde sine pr\u00e6stationsforpligtelser, og vil f\u00f8lge vores instruktioner i forhold til disse data.<\/p>\n\n<p><strong>Indg\u00e5else af kontrakt om ordrebehandling<\/strong><\/p>\n\n<p>For at sikre databeskyttelseskompatibel behandling har vi indg\u00e5et en ordrebehandlingskontrakt med vores hoster.<\/p>\n\n<h2 class=\"wp-block-heading\">3. Generelle oplysninger og obligatoriske oplysninger<\/h2>\n\n<h3 class=\"wp-block-heading\">Data beskyttelse<\/h3>\n\n<p>Operat\u00f8rerne af disse sider tager beskyttelsen af dine personlige data meget alvorligt. Vi behandler dine personoplysninger fortroligt og i overensstemmelse med de lovbestemte databeskyttelsesforskrifter og denne databeskyttelseserkl\u00e6ring.<\/p>\n\n<p>Hvis du bruger denne hjemmeside, vil der blive indsamlet forskellige personlige data. Persondata er data, som du kan blive personligt identificeret med. Denne databeskyttelseserkl\u00e6ring forklarer, hvilke data vi indsamler, og hvad vi bruger dem til. Det forklarer ogs\u00e5, hvordan og med hvilket form\u00e5l dette sker.<\/p>\n\n<p>Vi vil gerne g\u00f8re opm\u00e6rksom p\u00e5, at datatransmission p\u00e5 internettet (f.eks. ved kommunikation via e-mail) kan have sikkerhedshuller. En fuldst\u00e6ndig beskyttelse af dataene mod adgang fra tredjeparter er ikke mulig.<\/p>\n\n<h3 class=\"wp-block-heading\">Bem\u00e6rkning om det ansvarlige organ<\/h3>\n\n<p>Det ansvarlige organ for databehandling p\u00e5 denne hjemmeside er:<\/p>\n\n<p>SC VNV Next Web Services<br \/>Str. Spini\u015f, Nr.2, Bl.105, Sc.D, Et.2, Ap.36<br \/>Municipiul Bucure\u015fti, sektor 4<br \/>Rum\u00e6nien<\/p>\n\n<p>E-mail: support@thsorganic.com<\/p>\n\n<p>Den ansvarlige instans er den fysiske eller juridiske person, der alene eller sammen med andre tager stilling til form\u00e5l og midler til behandling af personoplysninger (f.eks. navne, e-mailadresser mv.).<\/p>\n\n<h3 class=\"wp-block-heading\">Tilbagekaldelse af dit samtykke til databehandling<\/h3>\n\n<p>Mange databehandlingsoperationer er kun mulige med dit udtrykkelige samtykke. Du kan til enhver tid tilbagekalde samtykke, som du allerede har givet. Lovligheden af den databehandling, der fandt sted frem til tilbagekaldelsen, forbliver up\u00e5virket af tilbagekaldelsen.<\/p>\n\n<h3 class=\"wp-block-heading\">Ret til at g\u00f8re indsigelse mod dataindsamling i s\u00e6rlige tilf\u00e6lde og til direkte reklame (Art. 21 GDPR)<\/h3>\n\n<p>HVIS DATABEHANDLINGEN ER BASEREDE P\u00c5 ART. 6 ABS. 1 LIT. E ELLER F GDPR, DU HAR RET TIL AT G\u00d8RE INDSTILLINGER MOD BEHANDLING AF DINE PERSONLIGE DATA TIL ETHVERT TIDSPUNKT AF \u00c5RSAGER, DER OPF\u00d8RER AF DIN BESTEMMTE SITUATION; DETTE G\u00c6LDER OGS\u00c5 FOR PROFILING BASEREDE P\u00c5 DISSE BESTEMMELSER. DET RESPEKTIVA JURIDISKE GRUNDLAG, SOM EN BEHANDLING ER BASEREDE P\u00c5, KAN FINDES I DENNE DATAFORBINDELSESPOLITIK. HVIS DU INDVENDER, VIL VI IKKE L\u00c6NGER BEHANDLE DINE PERSONOPLYSNINGER, MEDMINDRE VI KAN BEVISE EN FORST\u00c5ENDE BESKYTTELSESGRUNDLAG FOR BEHANDLING, SOM TILSKYDER DINE INTERESSER, RETTIGHEDER OG FRIHEDER, ELLER BEHANDLINGEN ER BET\u00c6NKTE ING TIL ARTIKEL 21 (1) GDPR).<\/p>\n\n<p>HVIS DINE PERSONOPLYSNINGER BEHANDLES TIL DIREKTE ANNONCER, HAR DU TIL ETHVERT TIDSPUNKT RET TIL AT G\u00d8RE INDSTILLINGER MOD BEHANDLING AF DINE PERSONLIGE DATA TIL S\u00c5DANNE ANNONCEFORM\u00c5L; DETTE G\u00c6LDER OGS\u00c5 FOR PROFILERING I DET OMFANG, DER ER RELATERET TIL S\u00c5DAN DIREKTE ANNONCER. HVIS DU INDVENDER, BLIVER DINE PERSONOPLYSNINGER IKKE L\u00c6NGER BRUGT TIL DIREKTE ANNONCEFORM\u00c5L (INDVENDELSE I HENHOLD TIL ART. 21, STK. 2, GDPR).<\/p>\n\n<h3 class=\"wp-block-heading\">Ret til at klage til den kompetente tilsynsmyndighed<\/h3>\n\n<p>I tilf\u00e6lde af overtr\u00e6delser af GDPR har de ber\u00f8rte ret til at indgive en klage til en tilsynsmyndighed, is\u00e6r i den medlemsstat, hvor de har deres s\u00e6dvanlige opholdssted, deres arbejdsplads eller stedet for den p\u00e5st\u00e5ede kr\u00e6nkelse. Retten til at indgive en klage ber\u00f8rer ikke andre administrative eller retsmidler.<\/p>\n\n<h3 class=\"wp-block-heading\">Ret til dataportabilitet<\/h3>\n\n<p>Du har ret til at f\u00e5 data, som vi behandler automatisk p\u00e5 baggrund af dit samtykke eller i forbindelse med opfyldelse af en kontrakt, udleveret til dig eller til tredjemand i et almindeligt, maskinl\u00e6sbart format. Hvis du anmoder om direkte overf\u00f8rsel af dataene til en anden ansvarlig, vil dette kun ske i det omfang, det er teknisk muligt.<\/p>\n\n<h3 class=\"wp-block-heading\">SSL- eller TLS-kryptering<\/h3>\n\n<p>Af sikkerhedsm\u00e6ssige \u00e5rsager og for at beskytte transmissionen af fortroligt indhold, s\u00e5som ordrer eller foresp\u00f8rgsler, som du sender til os som webstedsoperat\u00f8r, bruger denne side SSL- eller TLS-kryptering. Du kan genkende en krypteret forbindelse p\u00e5, at browserens adresselinje \u00e6ndres fra \u201chttp:\/\/\u201d til \u201chttps:\/\/\u201d og ved l\u00e5sesymbolet i din browserlinje.<\/p>\n\n<p>Hvis SSL- eller TLS-kryptering er aktiveret, kan de data, du sender til os, ikke l\u00e6ses af tredjeparter.<\/p>\n\n<h3 class=\"wp-block-heading\">Information, sletning og rettelse<\/h3>\n\n<p>Inden for rammerne af de g\u00e6ldende lovbestemmelser har du ret til gratis information om dine opbevarede personoplysninger, deres oprindelse og modtager samt form\u00e5let med databehandlingen og om n\u00f8dvendigt ret til rettelse eller sletning af disse til enhver tid . Du kan til enhver tid kontakte os p\u00e5 den adresse, der er angivet i forlaget, hvis du har yderligere sp\u00f8rgsm\u00e5l om emnet persondata.<\/p>\n\n<h3 class=\"wp-block-heading\">Ret til begr\u00e6nsning af behandlingen<\/h3>\n\n<p>Du har ret til at anmode om begr\u00e6nsning af behandlingen af dine personoplysninger. Du kan til enhver tid kontakte os p\u00e5 den adresse, der er angivet i forlaget. Retten til begr\u00e6nsning af behandlingen eksisterer i f\u00f8lgende tilf\u00e6lde:<\/p>\n\n<ul class=\"wp-block-list\">\n<li>Hvis du bestrider n\u00f8jagtigheden af dine personlige data, der er gemt af os, har vi normalt brug for tid til at kontrollere dette. I l\u00f8bet af unders\u00f8gelsen har du ret til at anmode om, at behandlingen af dine personoplysninger begr\u00e6nses.<\/li>\n\n<li>Hvis behandlingen af dine personoplysninger er sket\/forg\u00e5r ulovligt, kan du anmode om begr\u00e6nsning af databehandling i stedet for sletning.<\/li>\n\n<li>Hvis vi ikke l\u00e6ngere har brug for dine personoplysninger, men du har brug for dem til at ud\u00f8ve, forsvare eller g\u00f8re retskrav g\u00e6ldende, har du ret til at kr\u00e6ve, at behandlingen af dine personoplysninger begr\u00e6nses i stedet for at blive slettet.<\/li>\n\n<li>Hvis du har gjort indsigelse i henhold til art. 21 (1) GDPR, dine og vores interesser skal vejes op. S\u00e5 l\u00e6nge det endnu ikke er fastlagt, hvis interesser er g\u00e6ldende, har du ret til at kr\u00e6ve, at behandlingen af dine personoplysninger begr\u00e6nses.<\/li>\n<\/ul>\n\n<p>Hvis du har begr\u00e6nset behandlingen af dine personoplysninger, m\u00e5 disse data \u2013 bortset fra deres opbevaring \u2013 kun bruges med dit samtykke eller til at g\u00f8re g\u00e6ldende, ud\u00f8ve eller forsvare retskrav eller for at beskytte en anden fysisk eller juridisk persons rettigheder eller af hensyn til vigtige offentlige interesser i Den Europ\u00e6iske Union eller en medlemsstat behandles.<\/p>\n\n<h2 class=\"wp-block-heading\">4. Dataindsamling p\u00e5 denne hjemmeside<\/h2>\n\n<h3 class=\"wp-block-heading\">Cookies<\/h3>\n\n<p>Vores hjemmeside bruger s\u00e5kaldte &quot;cookies&quot;. Cookies er sm\u00e5 tekstfiler og for\u00e5rsager ingen skade p\u00e5 din slutenhed. De gemmes p\u00e5 din slutenhed enten midlertidigt i l\u00f8bet af en session (session cookies) eller permanent (permanente cookies). Sessionscookies slettes automatisk efter dit bes\u00f8g. Permanente cookies forbliver gemt p\u00e5 din slutenhed, indtil du selv sletter dem, eller indtil de automatisk slettes af din webbrowser.<\/p>\n\n<p>I nogle tilf\u00e6lde kan cookies fra tredjepartsvirksomheder ogs\u00e5 gemmes p\u00e5 din slutenhed, n\u00e5r du g\u00e5r ind p\u00e5 vores side (tredjepartscookies). Disse g\u00f8r det muligt for os eller dig at bruge visse tjenester fra tredjepartsvirksomheden (f.eks. cookies til behandling af betalingstjenester).<\/p>\n\n<p>Cookies har forskellige funktioner. Adskillige cookies er teknisk n\u00f8dvendige, fordi visse webstedsfunktioner ikke ville fungere uden dem (f.eks. indk\u00f8bskurvfunktionen eller visning af videoer). Andre cookies bruges til at evaluere brugeradf\u00e6rd eller til at vise annoncer.<\/p>\n\n<p>Cookies, der er n\u00f8dvendige for at udf\u00f8re den elektroniske kommunikationsproces (n\u00f8dvendige cookies) eller for at levere bestemte funktioner, du \u00f8nsker (funktionelle cookies, f.eks. til indk\u00f8bskurvfunktionen) eller for at optimere hjemmesiden (f.eks. cookies til m\u00e5ling af webpublikum). opbevares p\u00e5 grundlag af artikel 6, stk. 1, litra f) i GDPR, medmindre andet retsgrundlag er angivet. Webstedets operat\u00f8r har en legitim interesse i lagring af cookies for teknisk fejlfri og optimeret levering af sine tjenester. Hvis der blev anmodet om samtykke til lagring af cookies, gemmes de relevante cookies udelukkende p\u00e5 grundlag af dette samtykke (artikel 6, stk. 1, litra a) i GDPR); samtykket kan til enhver tid tilbagekaldes.<\/p>\n\n<p>Du kan indstille din browser, s\u00e5 du er informeret om indstilling af cookies og kun tillade cookies i enkelte tilf\u00e6lde, udelukke accept af cookies i visse tilf\u00e6lde eller generelt og aktivere automatisk sletning af cookies, n\u00e5r browseren er lukket. Hvis cookies deaktiveres, kan funktionaliteten af denne hjemmeside v\u00e6re begr\u00e6nset.<\/p>\n\n<p>Hvis cookies bruges af tredjepartsvirksomheder eller til analyseform\u00e5l, vil vi informere dig om dette separat i denne databeskyttelseserkl\u00e6ring og om n\u00f8dvendigt bede om dit samtykke.<\/p>\n\n<h3 class=\"wp-block-heading\">Serverlogfiler<\/h3>\n\n<p>Udbyderen af siderne indsamler og opbevarer automatisk information i s\u00e5kaldte serverlogfiler, som din browser automatisk sender til os. Disse er:<\/p>\n\n<ul class=\"wp-block-list\">\n<li>Browsertype og browserversion<\/li>\n\n<li>anvendte operativsystem<\/li>\n\n<li>Henvisnings-URL<\/li>\n\n<li>V\u00e6rtsnavnet p\u00e5 den adgangsgivende computer<\/li>\n\n<li>Tidspunkt for serveranmodning<\/li>\n\n<li>IP-adresse<\/li>\n<\/ul>\n\n<p>Disse data er ikke flettet med andre datakilder.<\/p>\n\n<p>Disse data indsamles p\u00e5 grundlag af artikel 6 (1) (f) GDPR. Hjemmesideoperat\u00f8ren har en legitim interesse i en teknisk fejlfri pr\u00e6sentation og optimering af sin hjemmeside \u2013 serverlogfilerne skal registreres til dette form\u00e5l.<\/p>\n\n<h3 class=\"wp-block-heading\">Kontaktformular<\/h3>\n\n<p>Hvis du sender os foresp\u00f8rgsler via kontaktformularen, vil dine oplysninger fra foresp\u00f8rgselsformularen, herunder de kontaktoplysninger, du har opgivet der, blive opbevaret af os med henblik p\u00e5 behandling af henvendelsen og i tilf\u00e6lde af opf\u00f8lgende sp\u00f8rgsm\u00e5l. Vi videregiver ikke disse data uden dit samtykke.<\/p>\n\n<p>Disse data behandles p\u00e5 grundlag af artikel 6 (1) (b) GDPR, hvis din anmodning er relateret til opfyldelse af en kontrakt eller er n\u00f8dvendig for at udf\u00f8re pr\u00e6kontraktuelle foranstaltninger. I alle andre tilf\u00e6lde er behandlingen baseret p\u00e5 vores legitime interesse i en effektiv behandling af henvendelser rettet til os (Art. 6 Para. 1 lit. f GDPR) eller p\u00e5 dit samtykke (Art. 6 Para. 1 lit. a GDPR) hvis dette blev spurgt.<\/p>\n\n<p>De data, du indtaster i kontaktformularen, forbliver hos os, indtil du beder os om at slette dem, tilbagekalde dit samtykke til opbevaring eller form\u00e5let med datalagring ikke l\u00e6ngere g\u00e6lder (f.eks. efter din anmodning er blevet behandlet). Obligatoriske lovbestemmelser \u2013 is\u00e6r opbevaringsperioder \u2013 forbliver up\u00e5virket.<\/p>\n\n<h3 class=\"wp-block-heading\">Foresp\u00f8rgsel via e-mail, telefon eller fax<\/h3>\n\n<p>Hvis du kontakter os via e-mail, telefon eller fax, vil din foresp\u00f8rgsel inklusive alle resulterende personlige data (navn, foresp\u00f8rgsel) blive opbevaret og behandlet af os med det form\u00e5l at behandle din anmodning. Vi videregiver ikke disse data uden dit samtykke.<\/p>\n\n<p>Disse data behandles p\u00e5 grundlag af artikel 6 (1) (b) GDPR, hvis din anmodning er relateret til opfyldelse af en kontrakt eller er n\u00f8dvendig for at udf\u00f8re pr\u00e6kontraktuelle foranstaltninger. I alle andre tilf\u00e6lde er behandlingen baseret p\u00e5 vores legitime interesse i en effektiv behandling af henvendelser rettet til os (Art. 6 Para. 1 lit. f GDPR) eller p\u00e5 dit samtykke (Art. 6 Para. 1 lit. a GDPR) hvis dette blev spurgt.<\/p>\n\n<p>De data, du har sendt til os via kontaktanmodninger, forbliver hos os, indtil du anmoder om sletning, tilbagekalder dit samtykke til opbevaring eller form\u00e5let med datalagring ikke l\u00e6ngere g\u00e6lder (f.eks. efter din anmodning er blevet behandlet). Obligatoriske lovbestemmelser \u2013 is\u00e6r lovbestemte opbevaringsperioder \u2013 forbliver up\u00e5virket.<\/p>\n\n<h2 class=\"wp-block-heading\">5. Plugins og v\u00e6rkt\u00f8jer<\/h2>\n\n<h3 class=\"wp-block-heading\">Google Web-skrifttyper<\/h3>\n\n<p>Denne side bruger s\u00e5kaldte webfonte leveret af Google til ensartet visning af skrifttyper. N\u00e5r du kalder en side frem, indl\u00e6ser din browser de n\u00f8dvendige webskrifttyper i din browsercache for at vise tekst og skrifttyper korrekt.<\/p>\n\n<p>Til dette form\u00e5l skal den browser, du bruger, oprette forbindelse til Googles servere. Dette giver Google viden om, at denne hjemmeside blev tilg\u00e5et via din IP-adresse. Google WebFonts bruges p\u00e5 grundlag af art. 6 (1) (f) GDPR. Hjemmesideoperat\u00f8ren har en legitim interesse i en ensartet pr\u00e6sentation af skrifttypen p\u00e5 sin hjemmeside. Hvis der blev anmodet om et tilsvarende samtykke (f.eks. samtykke til lagring af cookies), sker behandlingen udelukkende p\u00e5 grundlag af artikel 6, stk. 1 lit. samtykket kan til enhver tid tilbagekaldes.<\/p>\n\n<p>Hvis din browser ikke underst\u00f8tter webskrifttyper, vil en standardskrifttype blive brugt af din computer.<\/p>\n\n<p class=\"translation-block\">Yderligere oplysninger om Google Web Fonts kan findes p\u00e5 <a href=\"https:\/\/developers.google.com\/fonts\/faq\" target=\"_blank\" rel=\"noreferrer noopener\">https:\/\/developers.google.com\/fonts\/faq<\/a> og i Googles databeskyttelseserkl\u00e6ring: <a href=\"https:\/\/policies.google.com\/privacy?hl=de\" target=\"_blank\" rel=\"noreferrer noopener\">https:\/\/policies.google.com\/privacy?hl=de<\/a> .<\/p>\n\n<h3 class=\"wp-block-heading\">Google kort<\/h3>\n\n<p>Dette websted bruger Google Maps-korttjenesten via en API. Udbyderen er Google Ireland Limited (&quot;Google&quot;), Gordon House, Barrow Street, Dublin 4, Irland.<\/p>\n\n<p>For at bruge funktionerne i Google Maps er det n\u00f8dvendigt at gemme din IP-adresse. Disse oplysninger overf\u00f8res normalt til en Google-server i USA og gemmes der. Udbyderen af dette websted har ingen indflydelse p\u00e5 denne dataoverf\u00f8rsel.<\/p>\n\n<p>Google Maps bruges af hensyn til en attraktiv pr\u00e6sentation af vores online tilbud og for at g\u00f8re det nemmere at finde de steder, vi har angivet p\u00e5 hjemmesiden. Dette repr\u00e6senterer en legitim interesse i henhold til artikel 6, stk. 1, litra f GDPR. Hvis der er anmodet om et tilsvarende samtykke, sker behandlingen udelukkende p\u00e5 grundlag af artikel 6, stk. 1, litra a GDPR; samtykket kan til enhver tid tilbagekaldes.<\/p>\n\n<p class=\"translation-block\">Du kan finde flere oplysninger om h\u00e5ndtering af brugerdata i Googles databeskyttelseserkl\u00e6ring: <a href=\"https:\/\/policies.google.com\/privacy?hl=de\" target=\"_blank\" rel=\"noreferrer noopener\">https:\/\/policies.google.com\/privacy?hl=de<\/a> .<\/p>\n\t\t\t\t\t\t\t\t<\/div>\n\t\t\t\t<\/div>\n\t\t\t\t\t<\/div>\n\t\t<\/div>\n\t\t\t\t\t<\/div>\n\t\t<\/section>\n\t\t\t\t<\/div>","protected":false},"excerpt":{"rendered":"<p>Privatlivspolitik 1. Overblik over beskyttelse af personlige oplysninger Generel information F\u00f8lgende noter giver et simpelt overblik over, hvad der sker med dine personlige data, n\u00e5r du bes\u00f8ger denne hjemmeside. Persondata er alle data, som du kan blive personligt identificeret med. Detaljerede oplysninger om emnet databeskyttelse kan findes i vores databeskyttelseserkl\u00e6ring, der er opf\u00f8rt [\u2026]<\/p>","protected":false},"author":2,"featured_media":0,"parent":0,"menu_order":0,"comment_status":"closed","ping_status":"open","template":"","meta":{"footnotes":""},"class_list":["post-3","page","type-page","status-publish","hentry"],"_links":{"self":[{"href":"https:\/\/demo.thsorganic.com\/da\/wp-json\/wp\/v2\/pages\/3","targetHints":{"allow":["GET"]}}],"collection":[{"href":"https:\/\/demo.thsorganic.com\/da\/wp-json\/wp\/v2\/pages"}],"about":[{"href":"https:\/\/demo.thsorganic.com\/da\/wp-json\/wp\/v2\/types\/page"}],"author":[{"embeddable":true,"href":"https:\/\/demo.thsorganic.com\/da\/wp-json\/wp\/v2\/users\/2"}],"replies":[{"embeddable":true,"href":"https:\/\/demo.thsorganic.com\/da\/wp-json\/wp\/v2\/comments?post=3"}],"version-history":[{"count":16,"href":"https:\/\/demo.thsorganic.com\/da\/wp-json\/wp\/v2\/pages\/3\/revisions"}],"predecessor-version":[{"id":1067,"href":"https:\/\/demo.thsorganic.com\/da\/wp-json\/wp\/v2\/pages\/3\/revisions\/1067"}],"wp:attachment":[{"href":"https:\/\/demo.thsorganic.com\/da\/wp-json\/wp\/v2\/media?parent=3"}],"curies":[{"name":"wp","href":"https:\/\/api.w.org\/{rel}","templated":true}]}}